{"id":133,"date":"2025-07-09T14:45:40","date_gmt":"2025-07-09T11:45:40","guid":{"rendered":"https:\/\/obizizdns.com\/zicev\/wp\/?page_id=133"},"modified":"2025-07-10T19:39:03","modified_gmt":"2025-07-10T16:39:03","slug":"tamamlanan-projelerimiz","status":"publish","type":"page","link":"https:\/\/obizizdns.com\/zicev\/wp\/calismalarimiz\/projelerimiz\/tamamlanan-projelerimiz\/","title":{"rendered":"Tamamlanan Projelerimiz"},"content":{"rendered":"<p>Z\u0130\u00c7EV, T\u00fcrkiye\u2019de \u00f6zel e\u011fitim alan\u0131nda sundu\u011fu ve \u00f6rnek oldu\u011fu hizmetlerin yan\u0131 s\u0131ra, zihinsel yetersiz bireylere y\u00f6nelik politikalar\u0131n belirlenmesinde de \u00f6nemli bir i\u015fleve ve temsil yetene\u011fine sahip oldu\u011funun bilincindedir. Bu bilin\u00e7 ve sorumluluk anlay\u0131\u015f\u0131 ile Z\u0130\u00c7EV; kamu, \u00f6zel sekt\u00f6r ve yerel y\u00f6netimlerle birlikte, zihinsel yetersiz bireylerin sorun ve ihtiya\u00e7lar\u0131na uzun vadeli \u00e7\u00f6z\u00fcmler geli\u015ftirmeyi hedefleyen projeler kurgulamaya, uygulamaya ve uygulad\u0131\u011f\u0131 projelerin sonu\u00e7lar\u0131n\u0131 \u015fubeleri kanal\u0131yla t\u00fcm T\u00fcrkiye\u2019ye yayg\u0131nla\u015ft\u0131rmaya devam etmektedir.<\/p>\n<p>Tamamlanm\u0131\u015f olan projelerimiz hakk\u0131nda daha detayl\u0131 bilgilere a\u015fa\u011f\u0131daki ba\u011flant\u0131lardan ula\u015fabilirsiniz:<\/p>\n<ul>\n<li><span style=\"color: #ff0000;\"><strong><a style=\"color: #ff0000;\" href=\"https:\/\/obizizdns.com\/zicev\/wp\/calismalarimiz\/projelerimiz\/tamamlanan-projelerimiz\/istihdamda-yeni-bir-boyut-engelliler-icin-teknoloji-temelli-mesleki-egitim-laboratuvari-projesi\/\" target=\"_blank\" rel=\"noopener noreferrer\">\u0130stihdamda Yeni Bir Boyut: Engelliler \u0130\u00e7in Teknoloji Temelli Mesleki E\u011fitim Laboratuvar\u0131 Projesi<\/a><\/strong><\/span><\/li>\n<li><span style=\"color: #ff0000;\"><strong><a style=\"color: #ff0000;\" href=\"https:\/\/obizizdns.com\/zicev\/wp\/calismalarimiz\/projelerimiz\/tamamlanan-projelerimiz\/ogretmenden-ogretmene-kaynastirma-siniflarinda-calisan-ogretmenler-icin-mufredat-gelistirme-projesi\/\" target=\"_blank\" rel=\"noopener noreferrer\">\u201c\u00d6\u011fretmenden \u00d6\u011fretmene\u201d \u2013 Kayna\u015ft\u0131rma S\u0131n\u0131flar\u0131nda \u00c7al\u0131\u015fan \u00d6\u011fretmenler \u0130\u00e7in M\u00fcfredat Geli\u015ftirme Projesi<\/a><\/strong><\/span><\/li>\n<li><span style=\"color: #ff0000;\"><strong><a style=\"color: #ff0000;\" href=\"https:\/\/obizizdns.com\/zicev\/wp\/calismalarimiz\/projelerimiz\/tamamlanan-projelerimiz\/zicev-drama-ve-sanat-merkezi-projesi\/\" target=\"_blank\" rel=\"noopener noreferrer\">Z\u0130\u00c7EV \u2013 Drama ve Sanat Merkezi Projesi<\/a><\/strong><\/span><\/li>\n<li><span style=\"color: #ff0000;\"><strong><a style=\"color: #ff0000;\" href=\"https:\/\/obizizdns.com\/zicev\/wp\/calismalarimiz\/projelerimiz\/tamamlanan-projelerimiz\/0-3-yas-ozel-egitim-ve-rehabilitasyon-merkezi-projesi\/\" target=\"_blank\" rel=\"noopener noreferrer\">0-3 Ya\u015f \u00d6zel E\u011fitim ve Rehabilitasyon Merkezi Projesi<\/a><\/strong><\/span><\/li>\n<li><span style=\"color: #ff0000;\"><strong><a style=\"color: #ff0000;\" href=\"https:\/\/obizizdns.com\/zicev\/wp\/calismalarimiz\/projelerimiz\/tamamlanan-projelerimiz\/fizyoterapi-ile-saglikli-yasam-projesi\/\" target=\"_blank\" rel=\"noopener noreferrer\">Fizyoterapi ile Sa\u011fl\u0131kl\u0131 Ya\u015fam Projesi<\/a><\/strong><\/span><\/li>\n<li><span style=\"color: #ff0000;\"><strong><a style=\"color: #ff0000;\" href=\"https:\/\/obizizdns.com\/zicev\/wp\/calismalarimiz\/projelerimiz\/tamamlanan-projelerimiz\/zihinsel-engelli-bireylerle-calisan-ogretmenler-ve-diger-profesyoneller-icin-mufredat-tasarimi-projesi-pro-se\/\" target=\"_blank\" rel=\"noopener noreferrer\">Zihinsel Engelli Bireylerle \u00c7al\u0131\u015fan \u00d6\u011fretmenler ve Di\u011fer Profesyoneller i\u00e7in M\u00fcfredat Tasar\u0131m\u0131 Projesi: Pro-Se<\/a><\/strong><\/span><\/li>\n<li><span style=\"color: #ff0000;\"><strong><a style=\"color: #ff0000;\" href=\"https:\/\/obizizdns.com\/zicev\/wp\/calismalarimiz\/projelerimiz\/tamamlanan-projelerimiz\/kucukler-icin-buyuk-adimlar-projesi\/\" target=\"_blank\" rel=\"noopener noreferrer\">K\u00fc\u00e7\u00fckler \u0130\u00e7in B\u00fcy\u00fck Ad\u0131mlar Projesi<\/a><\/strong><\/span><\/li>\n<li><span style=\"color: #ff0000;\"><strong><a style=\"color: #ff0000;\" href=\"https:\/\/obizizdns.com\/zicev\/wp\/calismalarimiz\/projelerimiz\/tamamlanan-projelerimiz\/eternal-children-hep-cocuk-kalanlar\/\" target=\"_blank\" rel=\"noopener noreferrer\">Eternal Children: Hep \u00c7ocuk Kalanlar<\/a><\/strong><\/span><\/li>\n<li><span style=\"color: #ff0000;\"><strong><a style=\"color: #ff0000;\" href=\"https:\/\/obizizdns.com\/zicev\/wp\/calismalarimiz\/projelerimiz\/tamamlanan-projelerimiz\/iskur-mesleki-egitim-projeleri\/\" target=\"_blank\" rel=\"noopener noreferrer\">\u0130\u015eKUR Mesleki E\u011fitim Projeleri<\/a><\/strong><\/span><\/li>\n<li><span style=\"color: #ff0000;\"><strong><a style=\"color: #ff0000;\" href=\"https:\/\/obizizdns.com\/zicev\/wp\/calismalarimiz\/projelerimiz\/tamamlanan-projelerimiz\/zihinsel-engelli-bireylere-rehabilitasyon-ve-meslek-edindirme-projesi\/\" target=\"_blank\" rel=\"noopener noreferrer\">Zihinsel Engelli Bireylere Rehabilitasyon ve Meslek Edindirme Projesi<\/a><\/strong><\/span><\/li>\n<li><span style=\"color: #ff0000;\"><strong><a style=\"color: #ff0000;\" href=\"https:\/\/obizizdns.com\/zicev\/wp\/calismalarimiz\/projelerimiz\/tamamlanan-projelerimiz\/elaziga-nitelikli-kadin-satis-elemani-kazandirilmasi-projesi\/\" target=\"_blank\" rel=\"noopener noreferrer\">Elaz\u0131\u011f\u2019a Nitelikli Kad\u0131n Sat\u0131\u015f Eleman\u0131 Kazand\u0131r\u0131lmas\u0131 Projesi<\/a><\/strong><\/span><\/li>\n<li><span style=\"color: #ff0000;\"><strong><a style=\"color: #ff0000;\" href=\"https:\/\/obizizdns.com\/zicev\/wp\/calismalarimiz\/projelerimiz\/tamamlanan-projelerimiz\/annelerle-elele-projesi\/\" target=\"_blank\" rel=\"noopener noreferrer\">Annelerle Elele Projesi<\/a><\/strong><\/span><\/li>\n<li><span style=\"color: #ff0000;\"><strong><a style=\"color: #ff0000;\" href=\"https:\/\/obizizdns.com\/zicev\/wp\/calismalarimiz\/projelerimiz\/tamamlanan-projelerimiz\/engelimin-bilincindeyim-uretimin-icindeyim-projesi\/\" target=\"_blank\" rel=\"noopener noreferrer\">\u2018\u2019Engelimin Bilincindeyim, \u00dcretimin \u0130\u00e7indeyim\u2019\u2019 Projesi<\/a><\/strong><\/span><\/li>\n<li><span style=\"color: #ff0000;\"><a style=\"color: #ff0000;\" href=\"https:\/\/obizizdns.com\/zicev\/wp\/zihinsel-engellilerin-bakimini-ustlenen-kadinlarin-yasadiklari-hak-ihlallerini-izleme-projesi\/\"><b>Zihinsel Engellilerin Bak\u0131m\u0131n\u0131 \u00dcstlenen Kad\u0131nlar\u0131n Ya\u015fad\u0131klar\u0131 Hak \u0130hlallerini \u0130zleme Projesi\u00a0<\/b><\/a><\/span><\/li>\n<\/ul>\n","protected":false},"excerpt":{"rendered":"<p>Z\u0130\u00c7EV, T\u00fcrkiye\u2019de \u00f6zel e\u011fitim alan\u0131nda sundu\u011fu ve \u00f6rnek oldu\u011fu hizmetlerin yan\u0131 s\u0131ra, zihinsel yetersiz bireylere y\u00f6nelik politikalar\u0131n belirlenmesinde de \u00f6nemli bir i\u015fleve ve temsil yetene\u011fine&#8230;<\/p>\n","protected":false},"author":1,"featured_media":0,"parent":130,"menu_order":0,"comment_status":"closed","ping_status":"closed","template":"","meta":{"footnotes":""},"class_list":["post-133","page","type-page","status-publish","hentry"],"_links":{"self":[{"href":"https:\/\/obizizdns.com\/zicev\/wp\/wp-json\/wp\/v2\/pages\/133","targetHints":{"allow":["GET"]}}],"collection":[{"href":"https:\/\/obizizdns.com\/zicev\/wp\/wp-json\/wp\/v2\/pages"}],"about":[{"href":"https:\/\/obizizdns.com\/zicev\/wp\/wp-json\/wp\/v2\/types\/page"}],"author":[{"embeddable":true,"href":"https:\/\/obizizdns.com\/zicev\/wp\/wp-json\/wp\/v2\/users\/1"}],"replies":[{"embeddable":true,"href":"https:\/\/obizizdns.com\/zicev\/wp\/wp-json\/wp\/v2\/comments?post=133"}],"version-history":[{"count":5,"href":"https:\/\/obizizdns.com\/zicev\/wp\/wp-json\/wp\/v2\/pages\/133\/revisions"}],"predecessor-version":[{"id":713,"href":"https:\/\/obizizdns.com\/zicev\/wp\/wp-json\/wp\/v2\/pages\/133\/revisions\/713"}],"up":[{"embeddable":true,"href":"https:\/\/obizizdns.com\/zicev\/wp\/wp-json\/wp\/v2\/pages\/130"}],"wp:attachment":[{"href":"https:\/\/obizizdns.com\/zicev\/wp\/wp-json\/wp\/v2\/media?parent=133"}],"curies":[{"name":"wp","href":"https:\/\/api.w.org\/{rel}","templated":true}]}}