{"id":167,"date":"2025-07-09T16:00:55","date_gmt":"2025-07-09T13:00:55","guid":{"rendered":"https:\/\/obizizdns.com\/zicev\/wp\/?page_id=167"},"modified":"2025-07-10T14:52:39","modified_gmt":"2025-07-10T11:52:39","slug":"zihin-ergo-sum-fotograf-atolyeleri","status":"publish","type":"page","link":"https:\/\/obizizdns.com\/zicev\/wp\/calismalarimiz\/etkinliklerimiz\/egitim-etkinliklerimiz\/zihin-ergo-sum-fotograf-atolyeleri\/","title":{"rendered":"Zihin Ergo Sum Foto\u011fraf At\u00f6lyeleri"},"content":{"rendered":"<div class=\"level1\">\n<div class=\"overflow-hidden\">\n<img decoding=\"async\" class=\"alignleft wp-image-168 float-left\" style=\"margin: 20px;\" src=\"https:\/\/obizizdns.com\/zicev\/wp\/wp-content\/uploads\/2025\/07\/zihinergo-zihin_ergo_sum-amblem-150x150-1.jpg\" alt=\"\" width=\"150\" height=\"150\" \/><br \/>Zihin Ergo-Sum; 2007 y\u0131l\u0131 \u015eubat ay\u0131nda Zihinsel Yetersiz \u00c7ocuklar\u0131 Yeti\u015ftirme ve Koruma Vakf\u0131 (Z\u0130\u00c7EV) b\u00fcnyesinde; \u00f6zel e\u011fitim gereksinimi olan bireylere (\u00f6zellikle \u00e7ocuk ve gen\u00e7lere) g\u00f6n\u00fcll\u00fc foto\u011fraf e\u011fitimi vermek \u00fczere, amat\u00f6r ve profesyonel foto\u011fraf\u00e7\u0131lar\u0131n bu ama\u00e7 ve hedef ile bir araya gelmesiyle kurulmu\u015f bir foto\u011fraf at\u00f6lyesidir.\n<\/div>\n<p>At\u00f6lye, Vakf\u0131n; 2007 \u015eubat ay\u0131ndan beri Ankara \u015eubesinde yirmi, 2009 \u015eubat ay\u0131ndan beri \u0130zmir \u015eubesinde on iki\u00a0ve 2011 \u015eubat ay\u0131ndan beri de\u00a0alt\u0131 \u00f6\u011frenci ile \u0130stanbul \u015eubesinde e\u011fitim ve \u00e7al\u0131\u015fmalar\u0131n\u0131 s\u00fcrd\u00fcrmekte ve foto\u011fraf \u00fcretmeye devam etmektedir.<\/p>\n<h3><\/h3>\n<h3><strong>Z\u0130\u00c7EV-Zihin Ergo-Sum Foto\u011fraf At\u00f6lyelerine Destek Veren G\u00f6n\u00fcll\u00fclerimiz:<\/strong><\/h3>\n<\/div>\n<div class=\"level2\">\n<p><span style=\"color: #ff0000;\"><strong>Faika Berat Ta\u015fk\u0131ran:<\/strong><\/span>\u00a0Foto\u011fraf\u00e7\u0131, Vakf\u0131n Ankara, \u0130stanbul ve \u0130zmir\u2019deki okullar\u0131nda faaliyet g\u00f6steren at\u00f6lyelerin kurucusu, koordinat\u00f6r\u00fc ve g\u00f6n\u00fcll\u00fc e\u011fitmeni.<\/p>\n<p><span style=\"color: #ff0000;\"><strong>Funda G\u00f6nendik:<\/strong><\/span>\u00a0Foto\u011fraf\u00e7\u0131, g\u00f6n\u00fcll\u00fc at\u00f6lye e\u011fitmeni.<\/p>\n<p>At\u00f6lyelerin tan\u0131t\u0131m\u0131, sergi organizasyonlar\u0131, gezi organizasyonlar\u0131, t\u00fcm ihtiya\u00e7 ve faaliyetlerine destek veriyor. Foto\u011fraf ve bask\u0131 i\u015flerine destek veriyor, her y\u0131l d\u00fczenlenen DASK DOGAY Do\u011fada G\u00f6r\u00fcnt\u00fc Avc\u0131l\u0131\u011f\u0131 Foto\u011fraf Yar\u0131\u015fmas\u0131na at\u00f6lye \u00f6\u011frencilerinin kat\u0131l\u0131m\u0131n\u0131 ve sponsor deste\u011fi sa\u011fl\u0131yor.<\/p>\n<p><span style=\"color: #ff0000;\"><strong>Suderin Murat:<\/strong><\/span>\u00a0Foto\u011fraf\u00e7\u0131, g\u00f6n\u00fcll\u00fc at\u00f6lye e\u011fitmeni.<\/p>\n<p>Yurt d\u0131\u015f\u0131 ili\u015fkiler, at\u00f6lyelerin tan\u0131t\u0131m\u0131, sergi organizasyonlar\u0131, gezi organizasyonlar\u0131, t\u00fcm ihtiya\u00e7 ve faaliyetlerine destek veriyor. Sponsor deste\u011fi sa\u011fl\u0131yor.<\/p>\n<p><span style=\"color: #ff0000;\"><strong>Necla Babacan:<\/strong>\u00a0<\/span>Foto\u011fraf\u00e7\u0131, g\u00f6n\u00fcll\u00fc at\u00f6lye e\u011fitmeni.<\/p>\n<p>Yurt i\u00e7i ili\u015fkiler, at\u00f6lyelerin tan\u0131t\u0131m\u0131, sergi organizasyonlar\u0131, gezi organizasyonlar\u0131, t\u00fcm ihtiya\u00e7 ve faaliyetlerine destek veriyor. Sponsor deste\u011fi sa\u011fl\u0131yor.<\/p>\n<p><span style=\"color: #ff0000;\"><strong>G\u00fczin Tezel:<\/strong><\/span>\u00a0Foto\u011fraf\u00e7\u0131, g\u00f6n\u00fcll\u00fc at\u00f6lye e\u011fitmeni.<\/p>\n<p>\u0130zmir At\u00f6lyesinin tan\u0131t\u0131m\u0131, sergi organizasyonlar\u0131, gezi organizasyonlar\u0131, t\u00fcm ihtiya\u00e7 ve faaliyetlerine destek veriyor. Sponsor deste\u011fi sa\u011fl\u0131yor.<\/p>\n<p><span style=\"color: #ff0000;\"><strong>Lale Bostanc\u0131:<\/strong>\u00a0<\/span>Veli, g\u00f6n\u00fcll\u00fc at\u00f6lye e\u011fitmeni.<\/p>\n<p>At\u00f6lyelerin tan\u0131t\u0131m\u0131, sergi organizasyonlar\u0131, gezi organizasyonlar\u0131, t\u00fcm ihtiya\u00e7 ve faaliyetlerine destek veriyor. Sponsor deste\u011fi sa\u011fl\u0131yor.<\/p>\n<p style=\"text-align: center;\"><span style=\"color: #ff0000;\"><b>*At\u00f6lyelerimiz yurt i\u00e7i ve d\u0131\u015f\u0131nda bir\u00e7ok sergi a\u00e7makta, s\u00f6yle\u015fi, g\u00f6steri ve etkinliklere kat\u0131lmaktad\u0131r.<\/b><\/span><\/p>\n<p>&nbsp;<\/p>\n<h3><strong>Sergiler:<\/strong><\/h3>\n<ul>\n<li>Birinci Ankara Kale Festivali \u2013 Ankara \u2013 Haziran 2007<\/li>\n<li>Medya Sanat Galerisi \u2013 Ankara \u2013 Aral\u0131k 2007<\/li>\n<li>\u0130kinci Ankara Kale Festivali \u2013 Haziran 2008<\/li>\n<li>\u0130FAD Evi \u2013 Mersin \u2013 Haziran 2008<\/li>\n<li>Fotoiz Abant Foto\u011fraf Kamp\u0131 \u2013 Abant \u2013 Ocak 2009<\/li>\n<li>Milli K\u00fct\u00fcphane \u2013 Ankara \u2013 Mart 2009<\/li>\n<li>AFSAD \u2013 Nisan 2009<\/li>\n<li>\u00dc\u00e7\u00fcnc\u00fc Ankara Kale Festivali \u2013 Haziran 2009<\/li>\n<li>\u00c7etin Eme\u00e7 Sanat Galerisi \u2013 \u0130zmir \u2013 Haziran 2009 (+ Panel)<\/li>\n<li>K\u00fclt\u00fcrevi Sanat Galerisi \u2013 \u00c7anakkale 18 Mart \u00dcniversitesi \u2013 Ekim 2009<\/li>\n<li>Cumhuriyetin Nazar Boncuklar\u0131 \u2013 Ankara Barosu Kas\u0131m 2009<\/li>\n<li>Cumhuriyetin Nazar Boncuklar\u0131 \u2013 \u0130stanbul Swissotel \u2013 Kas\u0131m 2009<\/li>\n<li>Cumhuriyetin Nazar Boncuklar\u0131 \u2013 Ankara Swissotel \u2013 Kas\u0131m 2009<\/li>\n<li>K\u0130PA \u2013 \u0130zmir \u2013 Aral\u0131k 2009<\/li>\n<li>Frans\u0131z K\u00fclt\u00fcr Merkezi \u2013 \u0130stanbul \u2013 Mart\/ Nisan 2010<\/li>\n<li>Ben Mezopotamya \u2013 Milli K\u00fct\u00fcphane \u2013 Eyl\u00fcl 2010<\/li>\n<li>Cumhuriyetin Nazar Boncuklar\u0131 \u2013 \u00c7a\u011fda\u015f Sanatlar Merkezi \u2013 Ankara \u2013 Aral\u0131k 2010<\/li>\n<li>D\u00fcnya Engelliler g\u00fcn\u00fc vesilesi ile \u00c7ankaya Belediyesi \u00c7SM \u2013 Aral\u0131k 2010<\/li>\n<li>Sille Sanat Saray\u0131 \u2013 Konya \u2013 Temmuz 2011<\/li>\n<li>Sanatta Bulu\u015fuyoruz \u2013 Alt\u0131nda\u011f Belediyesi \u2013 Ankara \u2013 Aral\u0131k 2011<\/li>\n<li>Benim Ankaram \u2013 My Ankara (ABD B\u00fcy\u00fckel\u00e7ili\u011fi ile) \u2013 Ankara \u2013 Nova Panora \u2013 Aral\u0131k 2012<\/li>\n<li>Benim Ankaram \u2013 My Ankara \u2013 Bilkent \u00dcniversitesi \u2013 Ankara \u2013 Aral\u0131k 2012<\/li>\n<li>D\u00fcnya Engelliler G\u00fcn\u00fc vesilesi ile \u2013 My Ankara \u2013\u00a0 Gaziantep Sergisi Nisan 2013<\/li>\n<li>D\u00fcnya Engelliler G\u00fcn\u00fc vesilesi ile \u2013 My Ankara \u2013\u00a0 Kayseri Sergisi\u00a0 Nisan 2013<\/li>\n<li>Sevgiyle, \u0130lgiyle, Beraberce Engelsiz Gelece\u011fe Sergisi \u2013 Mehmet Akif Ersoy K\u00fclt\u00fcr Merkezi G\u00f6lba\u015f\u0131 \u2013 May\u0131s 2013<\/li>\n<li>Suretler Sergisi \u2013 Zi\u00e7ev Zihin Ergo Sum \u0130stanbul At\u00f6lyesi \u2013 Caddebostan K\u00fclt\u00fcr Merkezi \u2013 \u0130stanbul \u2013 May\u0131s 2013<\/li>\n<li>\u0130zmir Foto\u011fraf Sergisi \u2013 Zi\u00e7ev Zihin Ergo Sum \u0130zmir At\u00f6lye \u2013\u00a0 Ege Park Mavi \u015eehir \u2013 Ocak 2014<\/li>\n<li>Kars Foto\u011fraf Sergisi \u2013 Ankara Hukuk Fak\u00fcltesi \u2013 Aral\u0131k 2014<\/li>\n<li>G\u00f6lba\u015f\u0131ndan Kareler Sergisi \u2013 G\u00f6lba\u015f\u0131 Kaymakaml\u0131\u011f\u0131 \u2013 Mart 2015<\/li>\n<li>Kars Fotograf Sergisi \u00a0\u2013 ANKU Meslek Lisesi \u00a0\u2013 Nisan 2015<\/li>\n<li>Makbule \u00d6l\u00e7en Anma Gecesi \u2013 Sergi \u2013 \u00c7SM \u2013 Aral\u0131k\u00a0 \u2013 2015<\/li>\n<\/ul>\n<p>&nbsp;<\/p>\n<h3><strong>Sunum ve S\u00f6yle\u015filer:<\/strong><\/h3>\n<ul>\n<li>Kocaeli Foto\u011fraf G\u00fcnleri \u2013 Nisan 2008<\/li>\n<li>Engelliler Haftas\u0131 \u2013 \u00c7anakkale \u2013 May\u0131s 2008<\/li>\n<li>Fotoiz Abant Foto\u011fraf Kamp\u0131 \u2013 Abant \u2013 Ocak 2009<\/li>\n<li>Foto\u011fraf Dostlar\u0131 Toplulu\u011fu \u2013 Kocaeli \u2013 Ocak 2009<\/li>\n<li>ANFO Anadolu \u00dcniversitesi Foto\u011fraf Kul\u00fcb\u00fc\u2013 Eski\u015fehir \u2013 Mart 2009<\/li>\n<li>Mini Foto\u011fraf Festivali \u2013 Ankara Foto\u011fraf Kul\u00fcb\u00fc \u2013 \u0130ngiliz K\u00fclt\u00fcr Derne\u011fi \u2013 Mart 2009<\/li>\n<li>AFSAD \u2013 Nisan 2009<\/li>\n<li>Alt\u0131nc\u0131 Uluslararas\u0131 Foto\u011fraf G\u00fcnleri \u2013 Yak\u0131n Do\u011fu \u00dcniversitesi \u2013 K\u0131br\u0131s \u2013 Kas\u0131m 2009<\/li>\n<li>Ben Mezopotamya!\u2013Yedinci Uluslararas\u0131 Foto\u011fraf G\u00fcnleri-Yak\u0131n Do\u011fu \u00dcniversitesi\u2013K\u0131br\u0131s \u2013 May\u0131s 2011<\/li>\n<li>Birinci Bursa Foto\u011fraf Festivali \u2013 Ekim 2011<\/li>\n<li>Mind! \u2013 Sydney \u2013 Avusturalya \u2013 A\u011fustos 2012<\/li>\n<li>My Ankara \u2013 Benim Ankaram \u2013 Nova Panora \u2013 Ankara \u2013 Aral\u0131k 2012<\/li>\n<li>Ben Mezopotamya &amp; Do\u011fu Ekspresi \u2013 Kafkas \u00dcniversitesi \u2013\u00a0 Kars \u2013 \u015eubat 2013<\/li>\n<\/ul>\n<p>&nbsp;<\/p>\n<h3><strong>Bireysel Sergiler:<\/strong><\/h3>\n<ul>\n<li>Damla Kocaman \u2013 Benim \u0130stanbulum \u2013 AFSAD \u2013 Ankara \u2013 Aral\u0131k 2009<\/li>\n<li>Erkan Ezer \u2013 Koyun Pazar\u0131 \u2013 AFSAD \u2013 Ankara \u2013 Aral\u0131k 2009<\/li>\n<\/ul>\n<p>&nbsp;<\/p>\n<h3><strong>Etkinlikler:<\/strong><\/h3>\n<ul>\n<li>DASK DOGAY \u2013 Mut \u2013 2009<\/li>\n<li>DASK DOGAY \u2013 \u015eanl\u0131urfa \u2013 2010<\/li>\n<li>DASK DOGAY \u2013 \u0130\u011fneada \u2013 2011<\/li>\n<li>DASK DOGAY \u2013 Vezirk\u00f6pr\u00fc \u2013 Samsun \u2013 2012<\/li>\n<li>DASK DOGAY 2013 TOKAT N\u0130KSAR (Ankara, \u0130zmir At\u00f6lye)<\/li>\n<li>DASK DOGAY 2015 S\u0130NOP (Ankara At\u00f6lye)<\/li>\n<\/ul>\n<\/div>\n<div class=\"level2\">\n<p style=\"text-align: center;\"><span style=\"color: #ff0000;\"><strong>*DASK DOGAY\u2019da derece ve sergileme \u00f6d\u00fcllerimiz var.<\/strong><\/span><\/p>\n<\/div>\n","protected":false},"excerpt":{"rendered":"<p>Zihin Ergo-Sum; 2007 y\u0131l\u0131 \u015eubat ay\u0131nda Zihinsel Yetersiz \u00c7ocuklar\u0131 Yeti\u015ftirme ve Koruma Vakf\u0131 (Z\u0130\u00c7EV) b\u00fcnyesinde; \u00f6zel e\u011fitim gereksinimi olan bireylere (\u00f6zellikle \u00e7ocuk ve gen\u00e7lere) g\u00f6n\u00fcll\u00fc&#8230;<\/p>\n","protected":false},"author":1,"featured_media":0,"parent":157,"menu_order":0,"comment_status":"closed","ping_status":"closed","template":"","meta":{"footnotes":""},"class_list":["post-167","page","type-page","status-publish","hentry"],"_links":{"self":[{"href":"https:\/\/obizizdns.com\/zicev\/wp\/wp-json\/wp\/v2\/pages\/167","targetHints":{"allow":["GET"]}}],"collection":[{"href":"https:\/\/obizizdns.com\/zicev\/wp\/wp-json\/wp\/v2\/pages"}],"about":[{"href":"https:\/\/obizizdns.com\/zicev\/wp\/wp-json\/wp\/v2\/types\/page"}],"author":[{"embeddable":true,"href":"https:\/\/obizizdns.com\/zicev\/wp\/wp-json\/wp\/v2\/users\/1"}],"replies":[{"embeddable":true,"href":"https:\/\/obizizdns.com\/zicev\/wp\/wp-json\/wp\/v2\/comments?post=167"}],"version-history":[{"count":4,"href":"https:\/\/obizizdns.com\/zicev\/wp\/wp-json\/wp\/v2\/pages\/167\/revisions"}],"predecessor-version":[{"id":458,"href":"https:\/\/obizizdns.com\/zicev\/wp\/wp-json\/wp\/v2\/pages\/167\/revisions\/458"}],"up":[{"embeddable":true,"href":"https:\/\/obizizdns.com\/zicev\/wp\/wp-json\/wp\/v2\/pages\/157"}],"wp:attachment":[{"href":"https:\/\/obizizdns.com\/zicev\/wp\/wp-json\/wp\/v2\/media?parent=167"}],"curies":[{"name":"wp","href":"https:\/\/api.w.org\/{rel}","templated":true}]}}