{"id":345,"date":"2025-07-10T12:57:09","date_gmt":"2025-07-10T09:57:09","guid":{"rendered":"https:\/\/obizizdns.com\/zicev\/wp\/?page_id=345"},"modified":"2025-09-11T13:13:41","modified_gmt":"2025-09-11T10:13:41","slug":"ozel-vakifbank-zicev-yatili-bakim-ve-rehabilitasyon-merkezi","status":"publish","type":"page","link":"https:\/\/obizizdns.com\/zicev\/wp\/merkez-ve-subelerimiz\/ozel-vakifbank-zicev-yatili-bakim-ve-rehabilitasyon-merkezi\/","title":{"rendered":"\u00d6zel Vak\u0131fbank \u2013 Z\u0130\u00c7EV Yat\u0131l\u0131 Bak\u0131m ve Rehabilitasyon Merkezi"},"content":{"rendered":"<p><center><img fetchpriority=\"high\" decoding=\"async\" class=\"aligncenter wp-image-346 size-medium\" src=\"https:\/\/obizizdns.com\/zicev\/wp\/wp-content\/uploads\/2025\/07\/10-Manisa-Yatili-300x300.png\" alt=\"\" width=\"300\" height=\"300\" srcset=\"https:\/\/obizizdns.com\/zicev\/wp\/wp-content\/uploads\/2025\/07\/10-Manisa-Yatili-300x300.png 300w, https:\/\/obizizdns.com\/zicev\/wp\/wp-content\/uploads\/2025\/07\/10-Manisa-Yatili-150x150.png 150w, https:\/\/obizizdns.com\/zicev\/wp\/wp-content\/uploads\/2025\/07\/10-Manisa-Yatili.png 501w\" sizes=\"(max-width: 300px) 100vw, 300px\" \/><\/center><\/p>\n<h3 style=\"text-align: center;\"><strong>\u00d6ZEL VAKIFBANK \u2013 Z\u0130\u00c7EV YATILI BAKIM VE REHAB\u0130L\u0130TASYON MERKEZ\u0130\u00a0<\/strong><\/h3>\n<h3 style=\"text-align: center;\"><strong>MAN\u0130SA YATILI \u015eUBES\u0130<\/strong><\/h3>\n<div class=\"grid grid-cols-1 sm:grid-cols-2 md:grid-cols-3 lg:grid-cols-4 gap-4\"><img decoding=\"async\" class=\"w-full h-auto rounded shadow\" src=\"https:\/\/obizizdns.com\/zicev\/wp\/wp-content\/uploads\/2025\/07\/15-1.jpg\" alt=\"\" \/><img decoding=\"async\" class=\"w-full h-auto rounded shadow\" src=\"https:\/\/obizizdns.com\/zicev\/wp\/wp-content\/uploads\/2025\/07\/17-1.jpg\" alt=\"\" \/><img decoding=\"async\" class=\"w-full h-auto rounded shadow\" src=\"https:\/\/obizizdns.com\/zicev\/wp\/wp-content\/uploads\/2025\/07\/7-1.jpg\" alt=\"\" \/><img decoding=\"async\" class=\"w-full h-auto rounded shadow\" src=\"https:\/\/obizizdns.com\/zicev\/wp\/wp-content\/uploads\/2025\/07\/6.jpg\" alt=\"\" \/><img decoding=\"async\" class=\"w-full h-auto rounded shadow\" src=\"https:\/\/obizizdns.com\/zicev\/wp\/wp-content\/uploads\/2025\/07\/2.jpg\" alt=\"\" \/><img decoding=\"async\" class=\"w-full h-auto rounded shadow\" src=\"https:\/\/obizizdns.com\/zicev\/wp\/wp-content\/uploads\/2025\/07\/556.jpg\" alt=\"\" \/><img decoding=\"async\" class=\"w-full h-auto rounded shadow\" src=\"https:\/\/obizizdns.com\/zicev\/wp\/wp-content\/uploads\/2025\/07\/13-1.jpg\" alt=\"\" \/><img decoding=\"async\" class=\"w-full h-auto rounded shadow\" src=\"https:\/\/obizizdns.com\/zicev\/wp\/wp-content\/uploads\/2025\/07\/11-1.jpg\" alt=\"\" \/><\/div>\n<div class=\"level3\">\n<div class=\"level3\">\n<div class=\"entry-content\">\n<div class=\"level2\">\n<div class=\"level2\">\n<div class=\"level2\">\n<div class=\"level3\">\n<div class=\"level3\">\n<div class=\"level2\">\n<div class=\"entry-content\">\n<div class=\"level2\">\n<h3 style=\"text-align: center;\"><span style=\"color: #ff0000;\"><strong>Tarih\u00e7emiz<\/strong><\/span><\/h3>\n<p><strong>\u00d6zel Vak\u0131fbank Z\u0130\u00c7EV E\u011fitim ve Rehabilitasyon Merkezimiz<\/strong>de, 1 Nisan 2015 tarihinden beri 19+ ya\u015f \u00fczeri kad\u0131n ve erkek zihinsel engelli bireylere yat\u0131l\u0131 bak\u0131m hizmeti verilmektedir. 24 kad\u0131n \u2013 24 erkek olmak \u00fczere kontenjan\u0131m\u0131z toplam 48 ki\u015filiktir.<\/p>\n<h3 style=\"text-align: center;\"><span style=\"color: #ff0000;\"><strong>Misyonumuz<\/strong><\/span><\/h3>\n<p>Kurulu\u015fumuz; Aile ve Sosyal Hizmetler \u0130l M\u00fcd\u00fcrl\u00fc\u011f\u00fc taraf\u0131ndan onaylar\u0131 verilmi\u015f bak\u0131m ihtiyac\u0131 olan engelli bireylerin, bak\u0131m, sa\u011fl\u0131k, ya\u015fama kat\u0131l\u0131m ve g\u00fcvenlik ihtiya\u00e7lar\u0131n\u0131 kar\u015f\u0131lamak i\u00e7in, personelimiz ve engellilerimiz ile bir aile ortam\u0131 i\u00e7erisinde, huzurlu ve sa\u011fl\u0131kl\u0131 bir ortamda t\u00fcm yasal mevzuat \u015fartlar\u0131na ba\u011fl\u0131 kalarak ,zihinsel engelli bak\u0131m hizmetlerini, insani de\u011ferleri en \u00f6nde tutarak ger\u00e7ekle\u015ftiren sosyal bir kurulu\u015ftur.<\/p>\n<h3 style=\"text-align: center;\"><span style=\"color: #ff0000;\"><strong>Vizyonumuz<\/strong><\/span><\/h3>\n<p>S\u00fcrekli iyile\u015ftirme kapsam\u0131nda \u00f6ncelikle b\u00f6lgesel alanda tercih edilen bir bak\u0131m merkezi olabilmek i\u00e7in gerekli yat\u0131r\u0131m ve planlamalar\u0131 yapan, engellileri topluma kazand\u0131rmak i\u00e7in yapt\u0131\u011f\u0131 faaliyetlerle di\u011fer bak\u0131m merkezlerine \u00f6rnek olan, en yeni teknolojileri kullanarak altyap\u0131s\u0131n\u0131 modernize eden, marka de\u011ferini s\u00fcrekli koruyan, son geli\u015fmeleri takip eden bir kurulu\u015f olmak.<\/p>\n<h3 style=\"text-align: center;\"><span style=\"color: #ff0000;\"><strong>Kurumsal Politikam\u0131z<\/strong><\/span><\/h3>\n<p>\u00dclkemizde\u00a0 engelli bireylerimize\u00a0sunulan\u00a0bak\u0131m\u00a0 hizmetleri\u00a0 her ge\u00e7en\u00a0g\u00fcn geli\u015fmi\u015f\u00a0 \u00fclkelerin\u00a0standartlar\u0131n\u0131 aratmayacak\u00a0 \u015fekilde\u00a0 geli\u015fmektedir.\u00a0Engelli\u00a0bireylerimize bak\u0131m\u00a0\u00a0merkezimizde kesintisiz ve\u00a0 g\u00fcvenilir bir\u00a0 bak\u0131m hizmeti sunmak\u00a0bizim en \u00f6nemli\u00a0amac\u0131m\u0131zd\u0131r.<\/p>\n<p>Kurum olarak kalite y\u00f6netim\u00a0sistemimizi\u00a0TS\u00a0EN ISO 9001: 2015\u00a0 standard\u0131na uygun olarak;\u00a0\u00a0<strong>\u00a0<\/strong><\/p>\n<p>1\u00a0 ) \u0130nsan odakl\u0131 eri\u015febilir nitelikli bak\u0131m\u00a0hizmeti sunmak,<strong>\u00a0<\/strong><\/p>\n<p>2\u00a0 )\u00a0 Engelli bireylerimizin ya\u015fam kalitelerini\u00a0s\u00fcrd\u00fcrebilir bir bi\u00e7imde\u00a0geli\u015fmesine\u00a0 katk\u0131da\u00a0\u00a0bulunmak,\u00a0\u00a0<strong>\u00a0<\/strong><\/p>\n<p>3\u00a0 )\u00a0\u00a0Psikolojik rahats\u0131zl\u0131klar\u0131n\u0131n yan\u0131 s\u0131ra sa\u011fl\u0131kl\u0131 bir ya\u015fam s\u00fcrd\u00fcrebilmeleri i\u00e7in\u00a0hastal\u0131k\u00a0durumlar\u0131nda erken te\u015fhis, h\u0131zl\u0131 ve kaliteli sa\u011fl\u0131k hizmetlerinden yararlanmalar\u0131n\u0131\u00a0sa\u011flamak,\u00a0\u00a0<strong>\u00a0<\/strong><\/p>\n<p>4\u00a0 )\u00a0 Engelli bireylerimizin ve \u00e7al\u0131\u015fanlar\u0131m\u0131z\u0131n g\u00fcvenlik ve memnuniyetlerini sa\u011flamak,<strong>\u00a0<\/strong><\/p>\n<p>5\u00a0 )\u00a0 S\u00fcrekli geli\u015fim anlay\u0131\u015f\u0131 ile\u00a0sundu\u011fumuz bak\u0131m hizmetlerinin ve\u00a0kurumsal yap\u0131m\u0131z\u0131n\u00a0geli\u015fmesini sa\u011flamak \u00fczere yap\u0131land\u0131rd\u0131k.\u00a0<strong>\u00a0<\/strong><\/p>\n<h3 style=\"text-align: center;\"><span style=\"color: #ff0000;\"><strong>De\u011ferlerimiz<\/strong><\/span><\/h3>\n<p style=\"text-align: center;\"><span style=\"color: #000000;\"><strong>\u00a0<\/strong>Kaliteli hizmet sunumu\u00a0\u00a0<strong>\u00a0<\/strong><\/span><\/p>\n<p style=\"text-align: center;\"><span style=\"color: #000000;\">G\u00fcven\u00a0<strong>\u00a0<\/strong><\/span><\/p>\n<p style=\"text-align: center;\"><span style=\"color: #000000;\">Sorumluluk\u00a0\u00a0<strong>\u00a0<\/strong><\/span><\/p>\n<p style=\"text-align: center;\"><span style=\"color: #000000;\">Duyarl\u0131l\u0131k\u00a0<strong>\u00a0<\/strong><\/span><\/p>\n<p style=\"text-align: center;\"><span style=\"color: #000000;\">\u0130leti\u015fim\u00a0<strong>\u00a0<\/strong><\/span><\/p>\n<p style=\"text-align: center;\"><span style=\"color: #000000;\">Dayan\u0131\u015fma\u00a0\u00a0<strong>\u00a0<\/strong><\/span><\/p>\n<p style=\"text-align: center;\"><span style=\"color: #000000;\">Payla\u015fma\u00a0<strong>\u00a0<\/strong><\/span><\/p>\n<p style=\"text-align: center;\"><span style=\"color: #000000;\">Ekip\u00a0 Ruhu\u00a0\u00a0<strong>\u00a0<\/strong><\/span><\/p>\n<p style=\"text-align: center;\"><span style=\"color: #000000;\">G\u00fcvenilir bir bak\u0131m merkezi<strong>\u00a0<\/strong>olmak.<\/span><\/p>\n<h3 style=\"text-align: center;\"><span style=\"color: #ff0000;\"><strong>Kalite Politikam\u0131z:<\/strong><\/span><\/h3>\n<p>Zihinsel engelli bak\u0131m hizmetlerini ger\u00e7ekle\u015ftirirken, t\u00fcm \u00e7al\u0131\u015fanlar\u0131m\u0131z\u0131n kat\u0131l\u0131m\u0131 ile;<\/p>\n<ul>\n<li>Engelli, engelli yak\u0131n\u0131, \u00e7al\u0131\u015fanlar\u0131m\u0131z ve ilgili taraflar\u0131n haklar\u0131n\u0131 ve mahremiyetini koruyarak memnuniyetini en \u00fcst seviyede tutmak,<\/li>\n<li>En yeni teknolojileri kullanarak modern alt yap\u0131m\u0131z\u0131 s\u00fcrekli geli\u015ftirmek,<\/li>\n<li>Birimlerimiz i\u00e7in kalite ama\u00e7lar\u0131n\u0131 belirlemek ve periyodik olarak ama\u00e7lar\u0131m\u0131z\u0131 de\u011ferlendirmek ve gerekli olmas\u0131 durumunda tedbirler almak,<\/li>\n<li>Aile ve Sosyal Hizmetler Bakanl\u0131\u011f\u0131\u2019n\u0131n y\u00fcr\u00fcrl\u00fckteki \u2018\u2019Engelli Bireylere Y\u00f6nelik \u00d6zel Bak\u0131m Merkezleri Y\u00f6netmeli\u011fi\u2019ne uygun \u015fekilde, kalite y\u00f6netim sistemi ve uygulanabilir t\u00fcm yasal \u015fartlar\u0131 yerine getirmek,<\/li>\n<li>Kalite y\u00f6netim sistemi uygulamalar\u0131n\u0131 s\u00fcrekli iyile\u015ftirmek<\/li>\n<\/ul>\n<p>kalite politikam\u0131zd\u0131r.<\/p>\n<h3 style=\"text-align: center;\"><span style=\"color: #ff0000;\"><strong>Konumumuz<\/strong><\/span><\/h3>\n<p>Merkezimiz; \u015fehir merkezinde, sa\u011fl\u0131k kurulu\u015flar\u0131na ve al\u0131\u015fveri\u015f merkezlerine yak\u0131n, buna ra\u011fmen sakin, g\u00fcr\u00fclt\u00fcden uzak, Spil da\u011f\u0131 manzaras\u0131n\u0131n doyas\u0131ya izlenebilece\u011fi bir konuma sahiptir.<\/p>\n<h3 style=\"text-align: center;\"><span style=\"color: #ff0000;\"><strong>Ula\u015f\u0131m<\/strong><\/span><\/h3>\n<p>B\u00fcy\u00fck\u015fehir Belediyesi \u201c5\u201dve \u201c6\u201d 11,24,14 no\u2019 lu halk otob\u00fcsleri g\u00fczerg\u00e2h\u0131nday\u0131z.<\/p>\n<h3 style=\"text-align: center;\"><span style=\"color: #ff0000;\"><strong>Personelimiz:\u00a0<\/strong><\/span><\/h3>\n<p>Engelli Bireyler konusunda deneyimli,<\/p>\n<ul>\n<li>Sorumlu M\u00fcd\u00fcr \u2013 Sosyal \u00c7al\u0131\u015fmac\u0131<\/li>\n<li>Kalite Y\u00f6netim Temsilcisi(KYS), BHKS Sorumlusu \u2013 Sosyolog<\/li>\n<li>Psikolog<\/li>\n<li>B\u00fcro Personeli<\/li>\n<li>3 vardiya \u00e7al\u0131\u015fan, alan\u0131nda deneyimli sa\u011fl\u0131k personelleri<\/li>\n<li>3 vardiya \u00c7al\u0131\u015fan ,bak\u0131m personeli( engelli bak\u0131m \u00f6nlisans, ya\u015fl\u0131 bak\u0131m \u00f6nlisans, \u00c7ocuk geli\u015fimi lise ve 400 saatlik sertifikal\u0131 programlara sahip nitelikli personel)<\/li>\n<li>A\u015f\u00e7\u0131<\/li>\n<li>Hijyen konusunda e\u011fitimli temizlik personeli \u00e7al\u0131\u015ft\u0131rmaktay\u0131z.<\/li>\n<\/ul>\n<table width=\"100%\">\n<tbody>\n<tr>\n<th class=\"leftalign\"><strong>Sorumlu M\u00fcd\u00fcr\u00a0<\/strong><\/th>\n<td class=\"leftalign\">Nurullah EROL<\/td>\n<\/tr>\n<tr>\n<th class=\"leftalign\"><strong>Sosyal \u00c7al\u0131\u015fmac\u0131\u00a0<\/strong><\/th>\n<td class=\"leftalign\">G\u00fclay SARIKAYA<\/td>\n<\/tr>\n<tr>\n<th class=\"leftalign\"><strong>Sosyal \u00c7al\u0131\u015fmac\u0131\u00a0<\/strong><\/th>\n<td class=\"leftalign\">\u0130brahim Salih \u0130NC\u0130<\/td>\n<\/tr>\n<tr>\n<th class=\"leftalign\">Sa\u011fl\u0131k Personeli<\/th>\n<td class=\"leftalign\">\u015eevval DEN\u0130ZMEN<\/td>\n<\/tr>\n<tr>\n<th class=\"leftalign\"><strong>Sa\u011fl\u0131k Personeli<\/strong><\/th>\n<td class=\"leftalign\">Sevda \u0130BA<\/td>\n<\/tr>\n<tr>\n<th class=\"leftalign\"><strong>Sa\u011fl\u0131k Personeli<\/strong><\/th>\n<td class=\"leftalign\">Ay\u015feg\u00fcl MOSUN<\/td>\n<\/tr>\n<tr>\n<th class=\"leftalign\"><strong>Sa\u011fl\u0131k Personeli<\/strong><\/th>\n<td class=\"leftalign\">Eda ERCAN<\/td>\n<\/tr>\n<tr>\n<th class=\"leftalign\"><strong>Sa\u011fl\u0131k Personeli<\/strong><\/th>\n<td class=\"leftalign\">Handan \u00c7E\u015eMEBA\u015eI<\/td>\n<\/tr>\n<tr>\n<th class=\"leftalign\"><strong>Sa\u011fl\u0131k Personeli\u00a0<\/strong><\/th>\n<td class=\"leftalign\">Seda ERCAN<\/td>\n<\/tr>\n<tr>\n<th class=\"leftalign\"><strong>B\u00fcro Personeli<\/strong><\/th>\n<td class=\"leftalign\">Tolga SAVA\u015eKAN<\/td>\n<\/tr>\n<tr>\n<th class=\"leftalign\"><strong>B\u00fcro Personeli<\/strong><\/th>\n<td class=\"leftalign\">Yasemin DEM\u0130R<\/td>\n<\/tr>\n<tr>\n<th class=\"leftalign\"><strong>Bak\u0131c\u0131 Personel\u00a0<\/strong><\/th>\n<td class=\"leftalign\">Ahmet BABACAN<\/td>\n<\/tr>\n<tr>\n<th class=\"leftalign\"><strong>Bak\u0131c\u0131 Personel\u00a0<\/strong><\/th>\n<td class=\"leftalign\">Arzu DEM\u0130R<\/td>\n<\/tr>\n<tr>\n<th class=\"leftalign\"><strong>Bak\u0131c\u0131 Personel\u00a0<\/strong><\/th>\n<td class=\"leftalign\">Bet\u00fcl \u00d6ZY\u00dcREK<\/td>\n<\/tr>\n<tr>\n<th class=\"leftalign\"><strong>Bak\u0131c\u0131 Personel\u00a0<\/strong><\/th>\n<td class=\"leftalign\">G\u00fclnur AYDIN<\/td>\n<\/tr>\n<tr>\n<th class=\"leftalign\"><strong>Bak\u0131c\u0131 Personel\u00a0<\/strong><\/th>\n<td class=\"leftalign\">Dudu SARIDA\u011e<\/td>\n<\/tr>\n<tr>\n<th class=\"leftalign\"><strong>Bak\u0131c\u0131 Personel\u00a0<\/strong><\/th>\n<td class=\"leftalign\">G\u00fclse AKYOL<\/td>\n<\/tr>\n<tr>\n<th class=\"leftalign\"><strong>Bak\u0131c\u0131 Personel\u00a0<\/strong><\/th>\n<td class=\"leftalign\">Han\u0131m YAMANEL<\/td>\n<\/tr>\n<tr>\n<th class=\"leftalign\"><strong>Bak\u0131c\u0131 Personel\u00a0<\/strong><\/th>\n<td class=\"leftalign\">Selime Nur KARA<\/td>\n<\/tr>\n<tr>\n<th class=\"leftalign\"><strong>Bak\u0131c\u0131 Personel<\/strong><\/th>\n<td class=\"leftalign\">Selma MUTLU<\/td>\n<\/tr>\n<tr>\n<th class=\"leftalign\"><strong>Bak\u0131c\u0131 Personel<\/strong><\/th>\n<td class=\"leftalign\">Melek ONARIM<\/td>\n<\/tr>\n<tr>\n<th class=\"leftalign\"><strong>Bak\u0131c\u0131 Personel\u00a0<\/strong><\/th>\n<td class=\"leftalign\">Hanife KARATA\u015e<\/td>\n<\/tr>\n<tr>\n<th class=\"leftalign\"><strong>Bak\u0131c\u0131 Personel\u00a0<\/strong><\/th>\n<td class=\"leftalign\">Hatice TOKG\u00d6Z<\/td>\n<\/tr>\n<tr>\n<th class=\"leftalign\"><strong>Bak\u0131c\u0131 Personel\u00a0<\/strong><\/th>\n<td class=\"leftalign\">Fatma YILDIZ<\/td>\n<\/tr>\n<tr>\n<th class=\"leftalign\"><strong>Bak\u0131c\u0131 Personel\u00a0<\/strong><\/th>\n<td class=\"leftalign\">Senem KARAKAYA<\/td>\n<\/tr>\n<tr>\n<th class=\"leftalign\"><strong>Bak\u0131c\u0131 Personel\u00a0<\/strong><\/th>\n<td class=\"leftalign\">Yasemin AKYOL<\/td>\n<\/tr>\n<tr>\n<th class=\"leftalign\"><strong>Bak\u0131c\u0131 Personel<\/strong><\/th>\n<td class=\"leftalign\">Y\u0131ld\u0131z DEM\u0130R<\/td>\n<\/tr>\n<tr>\n<th class=\"leftalign\"><strong>Temizlik Personeli<\/strong><\/th>\n<td class=\"leftalign\">Fatma AK\u00c7AN<\/td>\n<\/tr>\n<tr>\n<th class=\"leftalign\"><strong>Temizlik Personeli<\/strong><\/th>\n<td class=\"leftalign\">F\u00fcsun TUTAR<\/td>\n<\/tr>\n<tr>\n<th class=\"leftalign\"><strong>A\u015f\u00e7\u0131<\/strong><\/th>\n<td class=\"leftalign\">Muhterem KAYNAR<\/td>\n<\/tr>\n<tr>\n<th class=\"leftalign\"><strong>A\u015f\u00e7\u0131<\/strong><\/th>\n<td class=\"leftalign\">Elif KARAKU\u015e<\/td>\n<\/tr>\n<\/tbody>\n<\/table>\n<h3 style=\"text-align: center;\"><span style=\"color: #ff0000;\"><strong>Hizmetlerimiz:<\/strong><\/span><\/h3>\n<p>Kurumumuzda,<\/p>\n<ul>\n<li>Tek \u2013 \u0130ki ve \u00dc\u00e7 ki\u015filik odalar<\/li>\n<li>Hem\u015fire denetiminde 24 saat sa\u011fl\u0131k hizmetleri<\/li>\n<li>24 saat Kamera sistemi ile g\u00fcvenlik<\/li>\n<li>Dinlenme salonlar\u0131m\u0131z, TV odalar\u0131<\/li>\n<li>T\u00fcrkiye\u2019nin her yerinden engelli kabul\u00fc<\/li>\n<li>3 ana, 2 ara \u00f6\u011f\u00fcn yemek<\/li>\n<li>\u00c7ay ve kahve molalar\u0131<\/li>\n<li>Haftada 2 kez banyo yapt\u0131r\u0131lmas\u0131<\/li>\n<li>Nevresim ve ki\u015finin \u00e7ama\u015f\u0131rlar\u0131n\u0131n s\u0131kl\u0131kla de\u011fi\u015ftirilip y\u0131kanmas\u0131 ve \u00fct\u00fclenmesi<\/li>\n<li>Ki\u015finin giysilerinin de\u011fi\u015ftirilip, y\u0131kanmas\u0131 ve \u00fct\u00fclenmesi ve s\u00f6k\u00fcklerinin tamir edilmesi<\/li>\n<li>Haftan\u0131n belirli g\u00fcnleri sosyal geziler d\u00fczenlemektedir.<\/li>\n<\/ul>\n<p>&nbsp;<\/p>\n<h3 style=\"text-align: center;\">\u00a0 \u00a0 \u00a0Kurumumuza ba\u015fvuru ko\u015fullar\u0131 i\u00e7in\u00a0<a href=\"https:\/\/www.zicev.org.tr\/manisa-yatili-bakim-merkezi-basvuru-kosullari\" target=\"_blank\" rel=\"noopener\">t\u0131klay\u0131n\u0131z.\u00a0<\/a><\/h3>\n<h3 style=\"text-align: center;\"><span style=\"color: #ff0000;\"><strong>Sa\u011fl\u0131k Hizmetlerimiz:<\/strong><\/span><\/h3>\n<ul>\n<li>Hastane hizmetleri(hekim kontrol\u00fcnde verilen ila\u00e7, tedavi ve takibinin yap\u0131lmas\u0131)<\/li>\n<li>Tansiyon, \u015feker, \u0131s\u0131, s\u0131v\u0131 takipleri, g\u00f6zetilmesi<\/li>\n<li>Hastal\u0131\u011fa g\u00f6re haz\u0131rlanan diyet yemeklerin takibi<\/li>\n<li>L\u00fczumu halinde tahlil ve tetkiklerin yap\u0131lmas\u0131<\/li>\n<li>\u0130la\u00e7 ve benzeri malzemelerin temini<\/li>\n<li>Yatalak hastalarda bak\u0131m, pozisyon takip ve tedbiri<\/li>\n<li>\u00d6z bak\u0131m hizmeti (v\u00fccut, k\u0131l\u0131k-k\u0131yafet temizli\u011fi sa\u00e7, sakal, t\u0131rnak, el-y\u00fcz-ayak temizli\u011fi, \u00e7ama\u015f\u0131rlar\u0131n\u0131n y\u0131kanmas\u0131)<\/li>\n<li>Odalar\u0131n g\u00fcnl\u00fck temizli\u011fi ve havaland\u0131r\u0131lmas\u0131<\/li>\n<li>Engellilerin sa\u011fl\u0131k-tedavi takipleri, riskleri olas\u0131 de\u011fi\u015fiklikler engelli vasisi veya yak\u0131nlar\u0131n\u0131 bilgilendirme ve koordineli \u00e7al\u0131\u015fma<\/li>\n<li>\u00c7al\u0131\u015fan personelin hizmet i\u00e7i e\u011fitimleri ger\u00e7ekle\u015ftirilmektedir.<\/li>\n<\/ul>\n<h3 style=\"text-align: center;\"><span style=\"color: #ff0000;\"><strong>Sosyal Faaliyetlerimiz:<\/strong><\/span><\/h3>\n<p>Bireylerin ya\u015fam kalitesini ve fark\u0131ndal\u0131klar\u0131n\u0131 art\u0131rmak, keyifli zaman ge\u00e7irmelerini sa\u011flamak amac\u0131 ile engelli bireylerimizin \u00f6zelliklerini de dikkate alarak g\u00fcnl\u00fck ya da \u00f6zel g\u00fcn ve haftalarda \u00e7e\u015fitli etkinlikler d\u00fczenlenmektedir.<\/p>\n<p>Rutin etkinliklerde ger\u00e7ekle\u015ftirdiklerimiz:<\/p>\n<ul>\n<li>Sabah v\u00fccut egzersizleri<\/li>\n<li>Spor \u00e7al\u0131\u015fmalar\u0131,<\/li>\n<li>Grup \u00e7al\u0131\u015fmalar\u0131<\/li>\n<li>TV izleme, m\u00fczik dinletisi<\/li>\n<li>El sanatlar\u0131 (Boyama, \u00f6rg\u00fc, kavrama tutma, kesme yap\u0131\u015ft\u0131rma, ta\u015f mozaik \u00e7al\u0131\u015fmalar\u0131, seramik \u015fekillendirme, quilling (ka\u011f\u0131t sanat\u0131), ke\u00e7e, ta\u015f boyama, ebru sanat\u0131, dans \u00e7al\u0131\u015fmalar\u0131.<\/li>\n<li>Keyifli \u00e7ay- kahve sohbetleri<\/li>\n<\/ul>\n<p>&nbsp;<\/p>\n<p><strong>\u0130\u015e B\u0130RL\u0130\u011e\u0130 \u0130\u00c7\u0130NDE BULUNDU\u011eUMUZ KURULU\u015eLAR<\/strong><\/p>\n<ul>\n<li>Aile Ve Sosyal Hizmetler Bakanl\u0131\u011f\u0131,<\/li>\n<li>Manisa ve Sosyal Hizmetler \u0130l M\u00fcd\u00fcrl\u00fc\u011f\u00fc,<\/li>\n<li>Manisa \u0130l Sa\u011fl\u0131k M\u00fcd\u00fcrl\u00fc\u011f\u00fc,<\/li>\n<li>Zi\u00e7ev Vakf\u0131na Ba\u011fl\u0131 T\u00fcm \u015eubeler,<\/li>\n<li>Manisa B\u00fcy\u00fck \u015eehir Belediyesi,<\/li>\n<li>Devlet Hastaneleri Vb.<\/li>\n<\/ul>\n<p>&nbsp;<\/p>\n<h3 style=\"text-align: center;\">Kurumumuza ziyaret ko\u015fullar\u0131 i\u00e7in\u00a0<a href=\"https:\/\/www.zicev.org.tr\/manisa-yatili-bakim-merkezi-ziyaretci-kurallari\" target=\"_blank\" rel=\"noopener\">t\u0131klay\u0131n\u0131z.\u00a0<\/a><\/h3>\n<h3 style=\"text-align: center;\"><strong>\u0130LET\u0130\u015e\u0130M<\/strong><\/h3>\n<div class=\"level2\">\n<table width=\"100%\">\n<tbody>\n<tr>\n<th class=\"leftalign\">Adres<\/th>\n<td>Mesir Mahallesi 5103.Sokak No:1\/A Yunusemre\/MAN\u0130SA<\/td>\n<\/tr>\n<tr>\n<th class=\"leftalign\">Telefon<\/th>\n<td class=\"leftalign\">0236-302-09-11\u00a0 \/\u00a0 0530-772-51-88<\/td>\n<\/tr>\n<tr>\n<th class=\"leftalign\">Faks<\/th>\n<td class=\"leftalign\">0236-302-09-12<\/td>\n<\/tr>\n<tr>\n<th class=\"leftalign\">e-posta<\/th>\n<td class=\"leftalign\"><strong>manisayatili@zicev.org.tr<\/strong><\/td>\n<\/tr>\n<\/tbody>\n<\/table>\n<p>Her t\u00fcrl\u00fc istek, \u00f6neri ve \u015fikayet i\u00e7in\u00a0<strong>manisayatili@zicev.org.tr<\/strong>\u00a0adresinden bize ula\u015fabilirsiniz.<\/p>\n<\/div>\n<\/div>\n<\/div>\n<\/div>\n<\/div>\n<\/div>\n<\/div>\n<\/div>\n<\/div>\n<\/div>\n<\/div>\n<\/div>\n","protected":false},"excerpt":{"rendered":"<p>\u00d6ZEL VAKIFBANK \u2013 Z\u0130\u00c7EV YATILI BAKIM VE REHAB\u0130L\u0130TASYON MERKEZ\u0130\u00a0 MAN\u0130SA YATILI \u015eUBES\u0130 Tarih\u00e7emiz \u00d6zel Vak\u0131fbank Z\u0130\u00c7EV E\u011fitim ve Rehabilitasyon Merkezimizde, 1 Nisan 2015 tarihinden beri&#8230;<\/p>\n","protected":false},"author":1,"featured_media":0,"parent":109,"menu_order":0,"comment_status":"closed","ping_status":"closed","template":"","meta":{"footnotes":""},"class_list":["post-345","page","type-page","status-publish","hentry"],"_links":{"self":[{"href":"https:\/\/obizizdns.com\/zicev\/wp\/wp-json\/wp\/v2\/pages\/345","targetHints":{"allow":["GET"]}}],"collection":[{"href":"https:\/\/obizizdns.com\/zicev\/wp\/wp-json\/wp\/v2\/pages"}],"about":[{"href":"https:\/\/obizizdns.com\/zicev\/wp\/wp-json\/wp\/v2\/types\/page"}],"author":[{"embeddable":true,"href":"https:\/\/obizizdns.com\/zicev\/wp\/wp-json\/wp\/v2\/users\/1"}],"replies":[{"embeddable":true,"href":"https:\/\/obizizdns.com\/zicev\/wp\/wp-json\/wp\/v2\/comments?post=345"}],"version-history":[{"count":2,"href":"https:\/\/obizizdns.com\/zicev\/wp\/wp-json\/wp\/v2\/pages\/345\/revisions"}],"predecessor-version":[{"id":356,"href":"https:\/\/obizizdns.com\/zicev\/wp\/wp-json\/wp\/v2\/pages\/345\/revisions\/356"}],"up":[{"embeddable":true,"href":"https:\/\/obizizdns.com\/zicev\/wp\/wp-json\/wp\/v2\/pages\/109"}],"wp:attachment":[{"href":"https:\/\/obizizdns.com\/zicev\/wp\/wp-json\/wp\/v2\/media?parent=345"}],"curies":[{"name":"wp","href":"https:\/\/api.w.org\/{rel}","templated":true}]}}