{"id":399,"date":"2025-07-10T14:12:12","date_gmt":"2025-07-10T11:12:12","guid":{"rendered":"https:\/\/obizizdns.com\/zicev\/wp\/?page_id=399"},"modified":"2025-07-10T14:12:12","modified_gmt":"2025-07-10T11:12:12","slug":"akilli-tarim-sosyal-girisimi-projesi","status":"publish","type":"page","link":"https:\/\/obizizdns.com\/zicev\/wp\/calismalarimiz\/projelerimiz\/devam-eden-projelerimiz\/akilli-tarim-sosyal-girisimi-projesi\/","title":{"rendered":"Ak\u0131ll\u0131 Tar\u0131m Sosyal Giri\u015fimi Projesi"},"content":{"rendered":"<h4><span style=\"color: #ff0000;\"><strong>Ak\u0131ll\u0131 Tar\u0131m Sosyal Giri\u015fim Projesi Nedir?<\/strong><\/span><\/h4>\n<p><strong><a href=\"https:\/\/www.ankaraka.org.tr\/tr\">Ankara Kalk\u0131nma Ajans\u0131<\/a>\u00a0<\/strong>Fizibilite Deste\u011fi Program\u0131 taraf\u0131ndan finanse edilen\u00a0Ak\u0131ll\u0131 Tar\u0131m Sosyal Giri\u015fimi Projesi\u00a025 Mart 2021 ba\u015flam\u0131\u015ft\u0131r.\u00a0 Projenin koordinat\u00f6rl\u00fc\u011f\u00fcn\u00fc\u00a0<a href=\"http:\/\/www.zicev.org.tr\/\"><strong>Zihinsel Yetersiz \u00c7ocuklar\u0131 Yeti\u015ftirme ve Koruma Vakf\u0131<\/strong><\/a>\u00a0yapmakta olup\u00a0<strong><a href=\"https:\/\/ankara.tarimorman.gov.tr\/Menu\/66\/Golbasi-Ilce-Mudurlugu\">G\u00f6lba\u015f\u0131 \u0130l\u00e7e Tar\u0131m ve Orman M\u00fcd\u00fcrl\u00fc\u011f\u00fc<\/a><\/strong>\u00a0de projenin ortak kurumudur.<\/p>\n<p>Projenin amac\u0131 geli\u015fimsel gerili\u011fi olan bireylerin bili\u015fsel, sosyal motor ve psikolojik geli\u015fimlerine katk\u0131da bulunan ve istihdam s\u00fcrecine kat\u0131l\u0131mlar\u0131n\u0131 da destekleyerek \u00fclke ekonomisine girdi sa\u011flayan bir sosyal tar\u0131m i\u015fletmesinin fizibilitesi haz\u0131rlamakt\u0131r.<\/p>\n<h4><span style=\"color: #ff0000;\">Haz\u0131rlanacak fizibilite et\u00fcd\u00fc kapsam\u0131nda bir sosyal tar\u0131m i\u015fletmesinin kurulmas\u0131n\u0131 i\u00e7eren projenin \u00f6zel ama\u00e7lar\u0131 a\u015fa\u011f\u0131daki gibidir:<\/span><\/h4>\n<ol>\n<li>Z\u0130\u00c7EV in Ankara G\u00f6lba\u015f\u0131 yerle\u015fkesine ak\u0131ll\u0131 tar\u0131m uygulamalar\u0131 ile \u00e7al\u0131\u015fan bir sosyal giri\u015fim kurularak tar\u0131msal \u00fcretim yap\u0131lmas\u0131n\u0131 sa\u011flayacak altyap\u0131lar\u0131n olu\u015fturulmas\u0131<\/li>\n<li>Tar\u0131msal \u00fcretimin \u00e7evre dostu ve enerji tasarruflu olmas\u0131n\u0131 sa\u011flayacak ak\u0131ll\u0131 tar\u0131m uygulamalar\u0131 i\u00e7in gerekli altyap\u0131lar\u0131n olu\u015fturulmas\u0131<\/li>\n<li>Ak\u0131ll\u0131 sosyal tar\u0131m uygulamalar\u0131na geli\u015fim gerili\u011fi olan bireylerin kat\u0131l\u0131m\u0131 i\u00e7in bir model olu\u015fturularak, e\u011fitim program\u0131 ve materyaller e\u015fli\u011finde s\u00fcrd\u00fcr\u00fclebilir yap\u0131lar kurulmas\u0131<\/li>\n<li>E\u011fiticiler, aileler, Z\u0130\u00c7EV \u00e7al\u0131\u015fanlar\u0131 ve geli\u015fim gerili\u011fi olan bireyler ile pilot e\u011fitimler ve tar\u0131m uygulamalar\u0131 ger\u00e7ekle\u015ftirerek geli\u015fim gerili\u011fi olan bireylerin \u00fcretim ve sat\u0131\u015f s\u00fcre\u00e7lerinde yer alarak toplumsal ve ekonomik hayata kat\u0131l\u0131m s\u00fcre\u00e7lerinin desteklenmesi<\/li>\n<li>Proje sonu\u00e7lar\u0131n\u0131n yayg\u0131nla\u015ft\u0131r\u0131lmas\u0131 i\u00e7in sosyal giri\u015fimin markala\u015farak tan\u0131n\u0131rl\u0131\u011f\u0131n\u0131n art\u0131r\u0131lmas\u0131<\/li>\n<\/ol>\n<h4><span style=\"color: #ff0000;\">Fizibilite deste\u011fi kapsam\u0131nda y\u00fcr\u00fct\u00fclecek olan projenin temel faaliyetleri \u015funlard\u0131r:<\/span><\/h4>\n<ol>\n<li>Haz\u0131rl\u0131k \u00e7al\u0131\u015fmalar\u0131<\/li>\n<li>Fizibilite raporunun haz\u0131rlanmas\u0131<\/li>\n<\/ol>\n<p>2.1. Arka plan \u00e7al\u0131\u015fmas\u0131<\/p>\n<p>2.2. Piyasa analizi<\/p>\n<p>2.3. Teknik analiz<\/p>\n<p>2.4. Yasal, \u00f6rg\u00fctsel ve idari analiz<\/p>\n<p>2.5. Proje y\u00f6netimi ve uygulama plan\u0131n\u0131n belirlenmesi<\/p>\n<p>2.6. Toplam yat\u0131r\u0131m tutar\u0131, i\u015fletme d\u00f6nemi giderleri ve finansman plan\u0131n\u0131n haz\u0131rlanmas\u0131<\/p>\n<p>2.7. Proje analizi<\/p>\n<p>2.8. Fizibilite eklerinin haz\u0131rlanmas\u0131<\/p>\n<ol start=\"3\">\n<li>De\u011ferlendirme ve revizyon<\/li>\n<li>G\u00f6r\u00fcn\u00fcrl\u00fck ve yayg\u0131nla\u015ft\u0131rma faaliyetleri<\/li>\n<\/ol>\n<p>&nbsp;<\/p>\n<h3>\u0130lgili Haberler:<\/h3>\n<ol>\n<li><strong>Ak\u0131ll\u0131 Tar\u0131m Sosyal Giri\u015fimi Projesinin haz\u0131rl\u0131k \u00e7al\u0131\u015fmalar\u0131 kapsam\u0131nda Ankara Kazan\u2019da faaliyet g\u00f6steren Mttar\u0131m i\u015fletmesi ziyaret edilerek topraks\u0131z tar\u0131m ile ilgili bilgi al\u0131nm\u0131\u015ft\u0131r.<\/strong>25 Mart 2021 ba\u015flayan ve Ankara Kalk\u0131nma Ajans\u0131 Fizibilite Deste\u011fi Program\u0131 taraf\u0131ndan finanse edilen Ak\u0131ll\u0131 Tar\u0131m Sosyal Giri\u015fimi Projesi kapsam\u0131nda fizibilite \u00e7al\u0131\u015fmalar\u0131m\u0131z\u0131 ba\u015flatt\u0131k. Mttar\u0131m \u0130\u015fletmesini ziyaret ederek topraks\u0131z tar\u0131m konusunda bilgi ald\u0131k.Geli\u015fimsel gerili\u011fi olan bireylerin bili\u015fsel, sosyal motor ve psikolojik geli\u015fimlerine katk\u0131da bulunan ve istihdam s\u00fcrecine kat\u0131l\u0131mlar\u0131n\u0131 destekleyerek \u00fclke ekonomisine girdi sa\u011flayan bir sosyal tar\u0131m i\u015fletmesi kurma amac\u0131 ile ba\u015flatt\u0131\u011f\u0131m\u0131z projenin s\u00fcrd\u00fcr\u00fclebilir olmas\u0131 ve yayg\u0131nla\u015ft\u0131r\u0131lmas\u0131 ilk hedefimiz.<\/li>\n<\/ol>\n<div class=\"grid grid-cols-1 md:grid-cols-2 gap-4\"><img decoding=\"async\" class=\"w-full h-auto rounded shadow\" src=\"https:\/\/obizizdns.com\/zicev\/wp\/wp-content\/uploads\/2025\/07\/marul-sera.jpg\" alt=\"\" \/><img decoding=\"async\" class=\"w-full h-auto rounded shadow\" src=\"https:\/\/obizizdns.com\/zicev\/wp\/wp-content\/uploads\/2025\/07\/photo-1.jpeg\" alt=\"\" \/><\/div>\n<div><\/div>\n<div><\/div>\n","protected":false},"excerpt":{"rendered":"<p>Ak\u0131ll\u0131 Tar\u0131m Sosyal Giri\u015fim Projesi Nedir? Ankara Kalk\u0131nma Ajans\u0131\u00a0Fizibilite Deste\u011fi Program\u0131 taraf\u0131ndan finanse edilen\u00a0Ak\u0131ll\u0131 Tar\u0131m Sosyal Giri\u015fimi Projesi\u00a025 Mart 2021 ba\u015flam\u0131\u015ft\u0131r.\u00a0 Projenin koordinat\u00f6rl\u00fc\u011f\u00fcn\u00fc\u00a0Zihinsel Yetersiz \u00c7ocuklar\u0131&#8230;<\/p>\n","protected":false},"author":1,"featured_media":0,"parent":131,"menu_order":0,"comment_status":"closed","ping_status":"closed","template":"","meta":{"footnotes":""},"class_list":["post-399","page","type-page","status-publish","hentry"],"_links":{"self":[{"href":"https:\/\/obizizdns.com\/zicev\/wp\/wp-json\/wp\/v2\/pages\/399","targetHints":{"allow":["GET"]}}],"collection":[{"href":"https:\/\/obizizdns.com\/zicev\/wp\/wp-json\/wp\/v2\/pages"}],"about":[{"href":"https:\/\/obizizdns.com\/zicev\/wp\/wp-json\/wp\/v2\/types\/page"}],"author":[{"embeddable":true,"href":"https:\/\/obizizdns.com\/zicev\/wp\/wp-json\/wp\/v2\/users\/1"}],"replies":[{"embeddable":true,"href":"https:\/\/obizizdns.com\/zicev\/wp\/wp-json\/wp\/v2\/comments?post=399"}],"version-history":[{"count":1,"href":"https:\/\/obizizdns.com\/zicev\/wp\/wp-json\/wp\/v2\/pages\/399\/revisions"}],"predecessor-version":[{"id":402,"href":"https:\/\/obizizdns.com\/zicev\/wp\/wp-json\/wp\/v2\/pages\/399\/revisions\/402"}],"up":[{"embeddable":true,"href":"https:\/\/obizizdns.com\/zicev\/wp\/wp-json\/wp\/v2\/pages\/131"}],"wp:attachment":[{"href":"https:\/\/obizizdns.com\/zicev\/wp\/wp-json\/wp\/v2\/media?parent=399"}],"curies":[{"name":"wp","href":"https:\/\/api.w.org\/{rel}","templated":true}]}}