{"id":421,"date":"2025-07-10T14:28:52","date_gmt":"2025-07-10T11:28:52","guid":{"rendered":"https:\/\/obizizdns.com\/zicev\/wp\/?page_id=421"},"modified":"2025-07-10T14:39:44","modified_gmt":"2025-07-10T11:39:44","slug":"ogretmenden-ogretmene-kaynastirma-siniflarinda-calisan-ogretmenler-icin-mufredat-gelistirme-projesi","status":"publish","type":"page","link":"https:\/\/obizizdns.com\/zicev\/wp\/calismalarimiz\/projelerimiz\/tamamlanan-projelerimiz\/ogretmenden-ogretmene-kaynastirma-siniflarinda-calisan-ogretmenler-icin-mufredat-gelistirme-projesi\/","title":{"rendered":"\u201c\u00d6\u011fretmenden \u00d6\u011fretmene\u201d \u2013 Kayna\u015ft\u0131rma S\u0131n\u0131flar\u0131nda \u00c7al\u0131\u015fan \u00d6\u011fretmenler \u0130\u00e7in M\u00fcfredat Geli\u015ftirme Projesi"},"content":{"rendered":"<div class=\"overflow-hidden\"><img decoding=\"async\" class=\"alignleft wp-image-422 float-left\" style=\"margin: 20px;\" src=\"https:\/\/obizizdns.com\/zicev\/wp\/wp-content\/uploads\/2025\/07\/1-1-150x150-1.jpg\" alt=\"\" width=\"150\" height=\"150\" \/> <\/p>\n<p>Kayna\u015ft\u0131rma S\u0131n\u0131flar\u0131nda \u00c7al\u0131\u015fan \u00d6\u011fretmenler \u0130\u00e7in M\u00fcfredat Geli\u015ftirme Projesi, okul \u00f6ncesi \u00f6\u011fretmenler i\u00e7in, onlar\u0131 da s\u00fcrece d\u00e2hil ederek ve zihinsel engelli \u00e7ocuklara odaklanarak ihtiyaca y\u00f6nelik bir e\u011fitim program\u0131 tasarlamak \u00fczere kurgulanm\u0131\u015ft\u0131r. Proje ayn\u0131 zamanda okul \u00f6ncesi \u00f6\u011fretmenler i\u00e7in kendi kendine \u00f6\u011frenme f\u0131rsat\u0131 olacak bir e-\u00f6\u011frenme ortam\u0131 geli\u015ftirmeyi de ama\u00e7lam\u0131\u015ft\u0131r. E-\u00f6\u011frenme ortam\u0131; okul \u00f6ncesi \u00f6\u011fretmenlere y\u00f6nelik olarak kendilerini geli\u015ftirmeleri a\u00e7\u0131s\u0131ndan gereken bilgileri, kendi geli\u015fimlerini ve kendi e\u011fitim ortamlar\u0131n\u0131 de\u011ferlendirmeleri i\u00e7in ger\u00e7ek \u00f6\u011fretmenlerden gelen de\u011ferlendirme materyalinden iyi \u00f6rnekleri kapsayan bir ortak platform olarak tasarlanm\u0131\u015ft\u0131r. Bunu ba\u015farmak i\u00e7in pilot okullarda \u00e7al\u0131\u015fmalara kat\u0131lan \u00f6\u011fretmenler, projenin uzman ekibi taraf\u0131ndan desteklenmi\u015ftir. E\u011fitim program\u0131 ve e-\u00f6\u011frenme portal tasar\u0131m\u0131 s\u00fcreci, Avrupa\u2019daki en iyi uygulamalar\u0131 anlamak ve kullanmak i\u00e7in ortak personel e\u011fitimleri ile zenginle\u015ftirilmi\u015ftir. 1 Eyl\u00fcl 2016 tarihinde ba\u015flayan Proje, 31 A\u011fustos 2018 tarihinde tamamlanm\u0131\u015ft\u0131r.<\/p>\n<\/div>\n<p>Ayr\u0131nt\u0131l\u0131 bilgi i\u00e7in:<\/p>\n<p><strong><a href=\"http:\/\/www.ogretmenplatform.org\/\" target=\"_blank\" rel=\"noopener noreferrer\">http:\/\/www.ogretmenplatform.org<\/a><\/strong><\/p>\n<p><strong><a href=\"http:\/\/www.ogretmenplatform.org\/en\" target=\"_blank\" rel=\"noopener noreferrer\">http:\/\/www.ogretmenplatform.org\/en<\/a><\/strong><\/p>\n<p><strong><a href=\"https:\/\/www.facebook.com\/ogretmenplatform\/\" target=\"_blank\" rel=\"noopener noreferrer\">https:\/\/www.facebook.com\/ogretmenplatform\/<\/a><\/strong><\/p>\n<p><strong><a href=\"https:\/\/www.instagram.com\/ogretmenden_ogretmene\/\" target=\"_blank\" rel=\"noopener noreferrer\">https:\/\/www.instagram.com\/ogretmenden_ogretmene\/<\/a><\/strong><\/p>\n<p><strong><a href=\"https:\/\/twitter.com\/teacherplatform\" target=\"_blank\" rel=\"noopener noreferrer\">https:\/\/twitter.com\/teacherplatform<\/a><\/strong><\/p>\n","protected":false},"excerpt":{"rendered":"<p>Kayna\u015ft\u0131rma S\u0131n\u0131flar\u0131nda \u00c7al\u0131\u015fan \u00d6\u011fretmenler \u0130\u00e7in M\u00fcfredat Geli\u015ftirme Projesi, okul \u00f6ncesi \u00f6\u011fretmenler i\u00e7in, onlar\u0131 da s\u00fcrece d\u00e2hil ederek ve zihinsel engelli \u00e7ocuklara odaklanarak ihtiyaca y\u00f6nelik bir&#8230;<\/p>\n","protected":false},"author":1,"featured_media":0,"parent":133,"menu_order":0,"comment_status":"closed","ping_status":"closed","template":"","meta":{"footnotes":""},"class_list":["post-421","page","type-page","status-publish","hentry"],"_links":{"self":[{"href":"https:\/\/obizizdns.com\/zicev\/wp\/wp-json\/wp\/v2\/pages\/421","targetHints":{"allow":["GET"]}}],"collection":[{"href":"https:\/\/obizizdns.com\/zicev\/wp\/wp-json\/wp\/v2\/pages"}],"about":[{"href":"https:\/\/obizizdns.com\/zicev\/wp\/wp-json\/wp\/v2\/types\/page"}],"author":[{"embeddable":true,"href":"https:\/\/obizizdns.com\/zicev\/wp\/wp-json\/wp\/v2\/users\/1"}],"replies":[{"embeddable":true,"href":"https:\/\/obizizdns.com\/zicev\/wp\/wp-json\/wp\/v2\/comments?post=421"}],"version-history":[{"count":4,"href":"https:\/\/obizizdns.com\/zicev\/wp\/wp-json\/wp\/v2\/pages\/421\/revisions"}],"predecessor-version":[{"id":426,"href":"https:\/\/obizizdns.com\/zicev\/wp\/wp-json\/wp\/v2\/pages\/421\/revisions\/426"}],"up":[{"embeddable":true,"href":"https:\/\/obizizdns.com\/zicev\/wp\/wp-json\/wp\/v2\/pages\/133"}],"wp:attachment":[{"href":"https:\/\/obizizdns.com\/zicev\/wp\/wp-json\/wp\/v2\/media?parent=421"}],"curies":[{"name":"wp","href":"https:\/\/api.w.org\/{rel}","templated":true}]}}