{"id":82,"date":"2025-07-09T13:10:53","date_gmt":"2025-07-09T10:10:53","guid":{"rendered":"https:\/\/obizizdns.com\/zicev\/wp\/?page_id=82"},"modified":"2025-07-09T15:15:49","modified_gmt":"2025-07-09T12:15:49","slug":"kvkk","status":"publish","type":"page","link":"https:\/\/obizizdns.com\/zicev\/wp\/hakkimizda\/kvkk\/","title":{"rendered":"KVKK"},"content":{"rendered":"<p>Z\u0130\u00c7EV olarak ba\u011f\u0131\u015f\u00e7\u0131lar\u0131m\u0131z ve g\u00f6n\u00fcll\u00fclerimiz ba\u015fta olmak \u00fczere t\u00fcm payda\u015flar\u0131m\u0131z\u0131n bizimle payla\u015ft\u0131klar\u0131 ki\u015fisel verilerinin korunmas\u0131na b\u00fcy\u00fck \u00f6nem g\u00f6steriyoruz. Bu ama\u00e7la bizimle payla\u015ft\u0131\u011f\u0131n\u0131z ki\u015fisel verilerinizin nas\u0131l topland\u0131\u011f\u0131, i\u015flendi\u011fi ve silindi\u011fi hususlar\u0131nda g\u00f6sterdi\u011fimiz hassasiyeti siz de\u011ferli payda\u015flar\u0131m\u0131z\u0131n da bilmesi gerekti\u011fine inan\u0131yoruz. Hukuk birimimiz taraf\u0131ndan mevzuata dayal\u0131 haz\u0131rlanan KVKK \u00a0ile ilgili a\u00e7\u0131klamalar\u0131m\u0131z a\u015fa\u011f\u0131da yer almaktad\u0131r.<\/p>\n<p>\u2014\u2014\u2014\u2014\u2014\u2014\u2014\u2014\u2014\u2014\u2014<\/p>\n<p><strong>K\u0130\u015e\u0130SEL VER\u0130LER\u0130N KORUNMASI HAKKINDA B\u0130LG\u0130LEND\u0130RME<\/strong><\/p>\n<p>Say\u0131n Z\u0130\u00c7EV Destek\u00e7isi,<\/p>\n<p>Bu bilgilendirme metni, 6698 Say\u0131l\u0131 Ki\u015fisel Verilerin Korunmas\u0131 Hakk\u0131ndaki Kanun kapsam\u0131nda, Veri Sorumlusu olarak Z\u0130\u00c7EV taraf\u0131ndan, Z\u0130\u00c7EV\u2019i destekleyen ba\u011f\u0131\u015f\u00e7\u0131lar\u0131m\u0131z\u0131 ve g\u00f6n\u00fcll\u00fclerimizi ve di\u011fer t\u00fcm payda\u015flar\u0131m\u0131z\u0131 bilgilendirmek amac\u0131 ile haz\u0131rlanm\u0131\u015ft\u0131r. Vakf\u0131m\u0131z ile payla\u015f\u0131lan ki\u015fisel verilerin; Z\u0130\u00c7EV taraf\u0131ndan al\u0131nmas\u0131na,\u00a0 saklanmas\u0131na, payla\u015f\u0131lmas\u0131na, i\u015flenmesine ve silinmesine y\u00f6nelik s\u00fcrecin nas\u0131l ilerledi\u011fi hakk\u0131ndaki t\u00fcm bilgiler bu metinde yer almaktad\u0131r.<\/p>\n<p>Z\u0130\u00c7EV, Veri Sorumlusu s\u0131fat\u0131 ile 07.04.2016 tarihinde resmi gazetede yay\u0131nlanarak y\u00fcr\u00fcrl\u00fc\u011fe giren 6698 say\u0131l\u0131 Ki\u015fisel Verilerin Korunmas\u0131 Kanununun gerektirdi\u011fi y\u00fck\u00fcml\u00fcl\u00fckleri yerine getirmek amac\u0131yla gerekli \u00e7al\u0131\u015fmalar\u0131 yapmaktad\u0131r. Payda\u015flar\u0131m\u0131z taraf\u0131ndan Vakf\u0131m\u0131z ile payla\u015f\u0131lan ki\u015fisel veriler mevzuata uygun \u015fekilde kaydedilir, saklan\u0131r, g\u00fcncellenir, s\u0131n\u0131fland\u0131r\u0131l\u0131r, mevzuat\u0131n izin verdi\u011fi \u00f6l\u00e7\u00fcde \u00fc\u00e7\u00fcnc\u00fc ki\u015filer ile payla\u015f\u0131l\u0131r veya onlara devredilir. Veri i\u015fleme olarak kabul edilen t\u00fcm bu i\u015flemler mevzuata uygun bir \u015fekilde yap\u0131l\u0131r.<\/p>\n<p>De\u011ferli ba\u011f\u0131\u015f\u00e7\u0131lar\u0131m\u0131z, g\u00f6n\u00fcll\u00fclerimiz ve di\u011fer payda\u015flar\u0131m\u0131z Z\u0130\u00c7EV ile ki\u015fisel verilerinizi; Vak\u0131f Merkezleri, E\u011fitim ve Rehabilitasyon Merkezleri, internet sitesi, banka, SMS gibi kanallardan; s\u00f6zl\u00fc, yaz\u0131l\u0131 ya da elektronik ortam \u00fczerinden payla\u015fabilirsiniz. Payla\u015fm\u0131\u015f oldu\u011funuz bu ki\u015fisel verileriniz i\u015fbu Kanun \u00e7er\u00e7evesinde Z\u0130\u00c7EV taraf\u0131ndan saklanarak ve korunarak, vermi\u015f oldu\u011funuz onay \u00e7er\u00e7evesinde i\u015flenmektedir. Z\u0130\u00c7EV, tan\u0131t\u0131m, te\u015fekk\u00fcr, bilgilendirme ve duyuru amac\u0131yla siz de\u011ferli payda\u015flar\u0131m\u0131z ile ileti\u015fim kurmak; istatistiksel bilgi toplamak ve bunlar\u0131 de\u011ferlendirmek; ba\u011f\u0131\u015f, g\u00f6n\u00fcll\u00fcl\u00fck, e\u011fitim ve toplumsal ho\u015fg\u00f6r\u00fcy\u00fc artt\u0131rmak ad\u0131na yap\u0131lan \u00e7al\u0131\u015fmalar\u0131n\u0131 ger\u00e7ekle\u015ftirmek ama\u00e7lar\u0131yla ki\u015fisel verilerinizi kullanabilir.<\/p>\n<p>&nbsp;<\/p>\n<p><strong>K\u0130\u015e\u0130SEL VER\u0130LER\u0130 KORUMA KANUNU<\/strong><\/p>\n<p>Ki\u015fisel Verileri Koruma Kanununun amac\u0131; ki\u015fisel verilerin i\u015flenmesinde ba\u015fta \u00f6zel hayat\u0131n gizlili\u011fi olmak \u00fczere ki\u015filerin temel hak ve \u00f6zg\u00fcrl\u00fcklerini korumak ve ki\u015fisel verileri i\u015fleyen ger\u00e7ek ve t\u00fczel ki\u015filerin y\u00fck\u00fcml\u00fcl\u00fckleri ile uyacaklar\u0131 usul ve esaslar\u0131 d\u00fczenlemektir.<\/p>\n<p>KVK gere\u011fince,<strong>\u00a0<\/strong>kimli\u011fi belirli veya belirlenebilir ger\u00e7ek ki\u015fiye ili\u015fkin her t\u00fcrl\u00fc bilgi ki\u015fisel veridir. Ki\u015fisel verilerin i\u015flenmesi; tamamen veya k\u0131smen otomatik olan ya da herhangi bir veri kay\u0131t sisteminin par\u00e7as\u0131 olmak kayd\u0131yla otomatik olmayan yollarla elde edilen, kaydedilen, depolanan, de\u011fi\u015ftirilen, yeniden d\u00fczenlenen, a\u00e7\u0131klanan, aktar\u0131lan, devral\u0131nan, s\u0131n\u0131fland\u0131r\u0131lan ya da kullan\u0131lmas\u0131 engellenen her t\u00fcrl\u00fc i\u015flemi kapsar.<\/p>\n<p><strong>Ki\u015fisel verilerin hukuka uygun i\u015flendi\u011finden bahsedebilmek i\u00e7in Kanun taraf\u0131ndan belirlenen bir tak\u0131m ilkelere uyulmas\u0131 gerekir. Bu ilkeler;\u00a0<\/strong>hukuka ve d\u00fcr\u00fcstl\u00fck kurallar\u0131na uygun olma, i\u015flenen verilerin do\u011fru ve gerekti\u011finde g\u00fcncel olmas\u0131, verilerin belirli, a\u00e7\u0131k, me\u015fru ama\u00e7lar i\u00e7in i\u015flenmeleri, verilerin i\u015flendikleri ama\u00e7la ba\u011flant\u0131l\u0131, s\u0131n\u0131rl\u0131 ve \u00f6l\u00e7\u00fcl\u00fc olmalar\u0131 ile verilerin \u00f6ng\u00f6r\u00fclen veya i\u015flendikleri ama\u00e7 i\u00e7in gerekli olan s\u00fcre kadar muhafaza edilmeleridir.\u00a0<strong><u>Bunun d\u0131\u015f\u0131nda, ki\u015fisel verilerin i\u015flenebilmesi i\u00e7in veri sahiplerinin a\u00e7\u0131k r\u0131zas\u0131n\u0131n al\u0131nmas\u0131 gerekir. Veri sahibinin a\u00e7\u0131k r\u0131zas\u0131n\u0131n bulundu\u011funun tespiti uygulamada genellikle yaz\u0131l\u0131 onay al\u0131narak belirlenir.\u00a0\u00a0<\/u><\/strong><\/p>\n<p><strong>Veri sahipleri;<\/strong><\/p>\n<ol>\n<li>Ki\u015fisel verilerinin i\u015flenip i\u015flenmedi\u011fini \u00f6\u011frenme,<\/li>\n<li>Veriler i\u015flenmi\u015f ise, buna ili\u015fkin bilgi ve yanl\u0131\u015f i\u015flenen verilerin d\u00fczeltilmesini talep etme,<\/li>\n<li>Verilerin i\u015flenme amac\u0131n\u0131 ile bunlar\u0131n amaca uygun kullan\u0131l\u0131p kullan\u0131lmad\u0131\u011f\u0131n\u0131 \u00f6\u011frenme,<\/li>\n<li>\u0130\u015flenme amac\u0131 ortadan kalkan verilerin silinmesini veya yok edilmesini isteme,<\/li>\n<li>ki\u015filere bildirim yap\u0131lmas\u0131n\u0131 isteme,<\/li>\n<li>Yurt i\u00e7i ve d\u0131\u015f\u0131nda verilerin aktar\u0131ld\u0131\u011f\u0131 3. ki\u015fileri bilme,<\/li>\n<li>\u0130\u015flenen verilerin m\u00fcnhas\u0131ran otomatik sistemler vas\u0131tas\u0131yla analiz edilmesi suretiyle kendileri aleyhine bir sonucun \u00e7\u0131kmas\u0131na itiraz etme,<\/li>\n<li>Ki\u015fisel verilerin kanuna ayk\u0131r\u0131 \u015fekilde i\u015flenmesi nedeniyle u\u011frad\u0131klar\u0131 t\u00fcm zararlar\u0131n\u0131n giderilmesini talep etme haklar\u0131na sahiptirler.<\/li>\n<\/ol>\n<p><strong><u>Veri sorumlusu;<\/u><\/strong><\/p>\n<p><strong><u>Ki\u015fisel verilerin i\u015fleme ama\u00e7lar\u0131n\u0131 ve vas\u0131talar\u0131n\u0131 belirleyen, veri kay\u0131t sisteminin kurulmas\u0131 ile y\u00f6netilmesinden sorumlu olan ger\u00e7ek veya t\u00fczel ki\u015fiyi ifade ederken, veri i\u015fleyen veri sorumlusunun verdi\u011fi yetkiye dayanarak onun ad\u0131na ki\u015fisel verileri i\u015fleyen ger\u00e7ek veya t\u00fczel ki\u015fiyi tan\u0131mlamaktad\u0131r.<\/u><\/strong><\/p>\n<p><strong><u>Veri sorumlusu ki\u015fisel verileri elde etti\u011fi s\u0131rada veri sahibini ayd\u0131nlatmal\u0131d\u0131r. Veri sahibinin ayd\u0131nlat\u0131lmas\u0131ndan anla\u015f\u0131lmas\u0131 gereken ki\u015fisel verilerin veri sahibinden hangi hukuki sebeple ve hangi y\u00f6ntemle toplanaca\u011f\u0131n\u0131n a\u00e7\u0131klanmas\u0131,\u00a0hangi ama\u00e7la i\u015flenece\u011fi, i\u015flenen verilerin kimlere hangi ama\u00e7la aktar\u0131labilece\u011fi konusunda bilgi verilmesidir.<\/u><\/strong><\/p>\n<p><strong><u>Ki\u015fisel verileri i\u015fleyen ger\u00e7ek ve t\u00fczel ki\u015filer, veri i\u015flemeye ba\u015flamadan \u00f6nce Sicile kaydolmak zorundad\u0131r.<\/u><\/strong>\u00a0Ancak, i\u015flenen ki\u015fisel verinin niteli\u011fi, say\u0131s\u0131, veri i\u015flemenin kanundan kaynaklanmas\u0131 veya \u00fc\u00e7\u00fcnc\u00fc ki\u015filere aktar\u0131lma durumu gibi Kurulca belirlenecek objektif kriterler g\u00f6z \u00f6n\u00fcne al\u0131nmak suretiyle, Kurul taraf\u0131ndan, Sicile kay\u0131t zorunlulu\u011funa istisna getirilebilir. Sicile zaman\u0131nda kaydolmayan veri i\u015fleyenler hakk\u0131nda 20.000-1.000.000-TL aras\u0131nda de\u011fi\u015fen miktarlarda idari para cezas\u0131 uygulan\u0131r.<\/p>\n<p>Ki\u015fisel verilerin resmi istatistik ile anonim h\u00e2le getirilmek suretiyle ara\u015ft\u0131rma, planlama ve istatistik gibi ama\u00e7larla,\u00a0mill\u00ee savunmay\u0131, mill\u00ee g\u00fcvenli\u011fi, kamu g\u00fcvenli\u011fini, kamu d\u00fczenini, ekonomik g\u00fcvenli\u011fi, \u00f6zel hayat\u0131n gizlili\u011fini veya ki\u015filik haklar\u0131n\u0131 ihlal etmemek ya da su\u00e7 te\u015fkil etmemek kayd\u0131yla, sanat, tarih, edebiyat veya bilimsel ama\u00e7larla ya da ifade \u00f6zg\u00fcrl\u00fc\u011f\u00fc kapsam\u0131nda, mill\u00ee savunmay\u0131, mill\u00ee g\u00fcvenli\u011fi, kamu g\u00fcvenli\u011fini, kamu d\u00fczenini veya ekonomik g\u00fcvenli\u011fi sa\u011flamaya y\u00f6nelik olarak \u00f6nleyici, koruyucu ve istihbari faaliyetler kapsam\u0131nda, yarg\u0131 makamlar\u0131 taraf\u0131ndan i\u015flenmesi ile ilgili ki\u015finin kendisi taraf\u0131ndan alenile\u015ftirilmi\u015f ki\u015fisel verilerin i\u015flenmesi hallerinde veri sahiplerinin a\u00e7\u0131k onay\u0131 aranmaz.<\/p>\n<p><strong><u>Kanunun 3. maddesinde yer verilen a\u00e7\u0131k r\u0131za tan\u0131m\u0131 kapsam\u0131nda, a\u00e7\u0131k r\u0131zan\u0131n 3 unsuru bulunmaktad\u0131r:<\/u><\/strong><\/p>\n<p>Belirli bir konuya ili\u015fkin olmas\u0131,<\/p>\n<p>R\u0131zan\u0131n bilgilendirmeye dayanmas\u0131,<\/p>\n<p>\u00d6zg\u00fcr iradeyle a\u00e7\u0131klanmas\u0131.<\/p>\n<p>&nbsp;<\/p>\n<p>Belirli Bir Konuya \u0130li\u015fkin Olmas\u0131 Veri i\u015flemek \u00fczere verilen r\u0131zan\u0131n ge\u00e7erli olmas\u0131 i\u00e7in r\u0131zan\u0131n belirli bir konuya ili\u015fkin ve o konu ile s\u0131n\u0131rl\u0131 olmas\u0131 gerekir. Veri sorumlusu ve veri i\u015fleyenlerce a\u00e7\u0131k r\u0131za beyan\u0131n\u0131n hangi konuya ili\u015fkin olarak istenildi\u011finin a\u00e7\u0131k\u00e7a ortaya konulmas\u0131 gerekmektedir. Buna g\u00f6re, genel bir irade a\u00e7\u0131klamas\u0131 ile \u201cki\u015fisel verilerimin i\u015flenmesini kabul ediyorum\u201d \u015feklinde a\u00e7\u0131k u\u00e7lu ve belirsiz bir r\u0131za tek ba\u015f\u0131na Kanun ba\u011flam\u0131nda \u201ca\u00e7\u0131k r\u0131za\u201d olarak kabul edilemez. E\u011fer birden \u00e7ok kategoriye ili\u015fkin verinin i\u015flenmesine dair r\u0131za beyan\u0131nda bulunulacaksa, r\u0131zan\u0131n hangi verilerin ve ne ama\u00e7larla i\u015flenece\u011fi gibi, i\u015flemenin farkl\u0131 noktalar\u0131 a\u00e7\u0131s\u0131ndan da verilmi\u015f olmas\u0131 gerekir.<\/p>\n<p>R\u0131zan\u0131n Bilgilendirmeye Dayanmas\u0131 A\u00e7\u0131k r\u0131za bir irade beyan\u0131 olup, ki\u015finin \u00f6zg\u00fcr bir \u015fekilde r\u0131za g\u00f6sterebilmesi i\u00e7in,\u00a0<strong><u>neye r\u0131za g\u00f6sterdi\u011fini de bilmesi gerekir.<\/u><\/strong>\u00a0Bu durum Kanunun 10. maddesinde d\u00fczenlenen \u201cayd\u0131nlatma y\u00fck\u00fcml\u00fcl\u00fc\u011f\u00fc\u201d kavram\u0131 ile de ili\u015fkilidir. Ki\u015finin sadece konu \u00fczerinde de\u011fil, ayn\u0131 zamanda r\u0131zas\u0131n\u0131n sonu\u00e7lar\u0131 \u00fczerinde de tam bir bilgi sahibi olmas\u0131 gerekir. Bilgilendirme, veri i\u015fleme ile ilgili b\u00fct\u00fcn konularda a\u00e7\u0131k ve anla\u015f\u0131l\u0131r bir bi\u00e7imde ger\u00e7ekle\u015ftirilmelidir. Bilgilendirmenin mutlaka verinin i\u015flemesinden \u00f6nce yap\u0131lmas\u0131 gerekir. \u0130\u015flenecek verinin niteli\u011fi, ayn\u0131 zamanda bilgilendirme d\u00fczeyini belirleyecektir. \u0130lgili ki\u015finin ayd\u0131nlat\u0131lmas\u0131 ayn\u0131 zamanda ki\u015finin kendi gelece\u011fini belirleme hakk\u0131n\u0131n bir yans\u0131mas\u0131n\u0131 olu\u015fturmaktad\u0131r.<\/p>\n<p>\u00d6zg\u00fcr \u0130radeyle A\u00e7\u0131klanmas\u0131 Ki\u015finin irade beyan\u0131 olan r\u0131za, ki\u015finin yapt\u0131\u011f\u0131 davran\u0131\u015f\u0131n bilincinde ve kendi karar\u0131 olmas\u0131 halinde ge\u00e7erlilik kazanacakt\u0131r. Ki\u015finin iradesini sakatlayacak her t\u00fcr fiil, ki\u015fisel verilerin i\u015flenmesi i\u00e7in verdi\u011fi r\u0131zay\u0131 da sakatlayacakt\u0131r. Cebir, tehdit, hata ve hile gibi iradeyi sakatlayan hallerde, ki\u015finin \u00f6zg\u00fcr bi\u00e7imde karar vermesi m\u00fcmk\u00fcn de\u011fildir. Dolay\u0131s\u0131yla bu gibi durumlarda \u00f6zg\u00fcr bir irade a\u00e7\u0131klamas\u0131ndan bahsedilemez. Ancak buradaki her sebep kendi i\u00e7erisinde de\u011ferlendirilmeli, r\u0131zay\u0131 etkileme derecesi belirlenmelidir. Taraflar\u0131n e\u015fit konumda olmad\u0131\u011f\u0131 veya taraflardan birinin di\u011feri \u00fczerinde etkili oldu\u011fu durumlarda r\u0131zan\u0131n \u00f6zg\u00fcr iradeyle verilip verilmedi\u011finin\u00a0 dikkatle de\u011ferlendirilmesi gerekir. \u00d6zellikle i\u015f\u00e7i-i\u015fveren ili\u015fkisinde, i\u015f\u00e7iye r\u0131za g\u00f6stermeme imk\u00e2n\u0131n\u0131n etkin bir bi\u00e7imde sunulmad\u0131\u011f\u0131 veya r\u0131za g\u00f6stermemenin i\u015f\u00e7i a\u00e7\u0131s\u0131ndan muhtemel bir olumsuzluk do\u011furaca\u011f\u0131 durumlarda, r\u0131zan\u0131n \u00f6zg\u00fcr iradeye dayand\u0131\u011f\u0131 kabul edilemez.<\/p>\n<p>&nbsp;<\/p>\n<p><strong><u>Veri Sorumlular\u0131 Siciline Kaydolma Y\u00fck\u00fcml\u00fcl\u00fc\u011f\u00fc<\/u><\/strong><\/p>\n<p>Kanunun 16. maddesine g\u00f6re, Ki\u015fisel Verileri Koruma Kurumu taraf\u0131ndan kamuya a\u00e7\u0131k olacak \u015fekilde bir Veri Sorumlular\u0131 Sicili tutulacakt\u0131r. Yine bu maddeye g\u00f6re ki\u015fisel verileri i\u015fleyen ger\u00e7ek ve t\u00fczel ki\u015filer, veri i\u015flemeye ba\u015flamadan \u00f6nce bu Sicile kaydolmak zorundad\u0131r. Ancak, Kanunun 16. maddesinin 2. f\u0131rkas\u0131nda, i\u015flenen ki\u015fisel verinin niteli\u011fi, say\u0131s\u0131, veri i\u015flemenin kanundan kaynaklanmas\u0131 veya \u00fc\u00e7\u00fcnc\u00fc ki\u015filere aktar\u0131lma durumu gibi Kurulca belirlenecek objektif kriterler g\u00f6z \u00f6n\u00fcne al\u0131nmak suretiyle, Kurul taraf\u0131ndan Veri Sorumlular\u0131 Siciline kay\u0131t zorunlulu\u011funa istisnalar getirilebilece\u011fi belirtilmi\u015ftir.\u00a0<strong><u>02.04.2018 tarihli ki\u015fisel verileri koruma kurulu karar\u0131 gere\u011fi ekli listenin 3. Maddesinde bulunanlar yani vak\u0131flar istisnalardan say\u0131lm\u0131\u015ft\u0131r. Ancak bu istisna sadece sicile kay\u0131t i\u00e7in olup kanun maddelerine uyulmayaca\u011f\u0131 anlam\u0131na gelmemektedir.<\/u><\/strong><\/p>\n<p><strong><u>\u00a0<\/u><\/strong><\/p>\n<p>Kanun ve ilgili y\u00f6netmeliklerle ula\u015f\u0131lmak istenen esas ama\u00e7 ki\u015fisel verilerin, ilgili veri sahibinin haklar\u0131na zarar vermeyecek bir bi\u00e7imde hukuka uygun olarak kullan\u0131lmas\u0131 ve i\u015flenmesini sa\u011flamakt\u0131r. Bu nedenle veri sorumlular\u0131, veri sorumlusu temsilcileri veya irtibat ki\u015fileri a\u00e7\u0131s\u0131ndan tedirgin olacak bir durum s\u00f6z konusu de\u011fildir. Yap\u0131lmas\u0131 gereken; veri sorumlular\u0131 taraf\u0131ndan Y\u00f6netmelikle \u00f6ng\u00f6r\u00fclen s\u00fcreler \u00e7er\u00e7evesinde Y\u00f6netmelikle belirlenen usul ve esaslara uygun bir bi\u00e7imde kay\u0131t y\u00fck\u00fcml\u00fcl\u00fc\u011f\u00fcn\u00fcn yerine getirilmesidir. Aksi takdirde Kanun\u2019da \u00f6ng\u00f6r\u00fclm\u00fc\u015f olan \u00f6nemli idari para cezalar\u0131 ile kar\u015f\u0131la\u015f\u0131lmas\u0131 s\u00f6z konusu olacakt\u0131r.<\/p>\n<p>\u2014\u2014\u2014\u2014\u2014\u2014\u2014\u2014\u2014\u2014\u2014<\/p>\n<p>6698 Say\u0131l\u0131 Ki\u015fisel Verilerin Korunmas\u0131 Hakk\u0131ndaki Kanun kapsam\u0131ndaki haklar\u0131n\u0131zdan yararlanmak i\u00e7in ba\u015fvurular\u0131n\u0131z\u0131;<\/p>\n<ol>\n<li>Yaz\u0131l\u0131 olarak posta yoluyla\u00a0<a href=\"https:\/\/www.zicev.org.tr\/iletisim\"><strong>Z\u0130\u00c7EV Genel Merkezimize<\/strong><\/a><\/li>\n<li>Elektronik olarak e-posta yoluyla\u00a0<strong>merkez@zicev.org.tr\u00a0<\/strong>adresine yollayabilirsiniz.<\/li>\n<\/ol>\n<p>Kanun hakk\u0131nda daha detayl\u0131 bilgi almak i\u00e7in\u00a0<a href=\"https:\/\/www.tbmm.gov.tr\/kanunlar\/k6698.html\"><strong>TBMM\u2019nin resmi internet sitesini<\/strong><\/a>\u00a0inceleyebilirsiniz.<\/p>\n","protected":false},"excerpt":{"rendered":"<p>Z\u0130\u00c7EV olarak ba\u011f\u0131\u015f\u00e7\u0131lar\u0131m\u0131z ve g\u00f6n\u00fcll\u00fclerimiz ba\u015fta olmak \u00fczere t\u00fcm payda\u015flar\u0131m\u0131z\u0131n bizimle payla\u015ft\u0131klar\u0131 ki\u015fisel verilerinin korunmas\u0131na b\u00fcy\u00fck \u00f6nem g\u00f6steriyoruz. Bu ama\u00e7la bizimle payla\u015ft\u0131\u011f\u0131n\u0131z ki\u015fisel verilerinizin nas\u0131l&#8230;<\/p>\n","protected":false},"author":1,"featured_media":0,"parent":145,"menu_order":0,"comment_status":"closed","ping_status":"closed","template":"","meta":{"footnotes":""},"class_list":["post-82","page","type-page","status-publish","hentry"],"_links":{"self":[{"href":"https:\/\/obizizdns.com\/zicev\/wp\/wp-json\/wp\/v2\/pages\/82","targetHints":{"allow":["GET"]}}],"collection":[{"href":"https:\/\/obizizdns.com\/zicev\/wp\/wp-json\/wp\/v2\/pages"}],"about":[{"href":"https:\/\/obizizdns.com\/zicev\/wp\/wp-json\/wp\/v2\/types\/page"}],"author":[{"embeddable":true,"href":"https:\/\/obizizdns.com\/zicev\/wp\/wp-json\/wp\/v2\/users\/1"}],"replies":[{"embeddable":true,"href":"https:\/\/obizizdns.com\/zicev\/wp\/wp-json\/wp\/v2\/comments?post=82"}],"version-history":[{"count":1,"href":"https:\/\/obizizdns.com\/zicev\/wp\/wp-json\/wp\/v2\/pages\/82\/revisions"}],"predecessor-version":[{"id":83,"href":"https:\/\/obizizdns.com\/zicev\/wp\/wp-json\/wp\/v2\/pages\/82\/revisions\/83"}],"up":[{"embeddable":true,"href":"https:\/\/obizizdns.com\/zicev\/wp\/wp-json\/wp\/v2\/pages\/145"}],"wp:attachment":[{"href":"https:\/\/obizizdns.com\/zicev\/wp\/wp-json\/wp\/v2\/media?parent=82"}],"curies":[{"name":"wp","href":"https:\/\/api.w.org\/{rel}","templated":true}]}}