{"id":8380,"date":"2025-09-11T13:21:08","date_gmt":"2025-09-11T10:21:08","guid":{"rendered":"https:\/\/obizizdns.com\/zicev\/wp\/?page_id=8380"},"modified":"2025-09-11T13:30:01","modified_gmt":"2025-09-11T10:30:01","slug":"havale-eft-ile-bagis","status":"publish","type":"page","link":"https:\/\/obizizdns.com\/zicev\/wp\/havale-eft-ile-bagis\/","title":{"rendered":"Havale\/EFT ile Ba\u011f\u0131\u015f"},"content":{"rendered":"<div class=\"container mx-auto p-6 max-w-4xl\">\n<h2 class=\"text-2xl font-bold mb-6 border-b pb-2\">Banka Hesap Bilgilerimiz<\/h2>\n<p><!-- Al\u0131c\u0131 ve DenizBank yan yana --><\/p>\n<div class=\"grid grid-cols-1 md:grid-cols-2 gap-6 mb-6\">\n<div class=\"bg-(--primary) text-white p-4 rounded border shadow-sm flex flex-col justify-center\">\n<p class=\"ml-2 font-semibold mb-1\">Al\u0131c\u0131 Ad\u0131<\/p>\n<p class=\"ml-2\">Z\u0130H\u0130NSEL YETERS\u0130Z \u00c7OCUKLARI YET\u0130\u015eT\u0130RME VE KORUMA VAKFI<\/p>\n<p class=\"ml-2 text-sm\">(L\u00fctfen al\u0131c\u0131 ad\u0131n\u0131 yukar\u0131daki belirtildi\u011fi \u015fekilde a\u00e7\u0131k olarak yaz\u0131n\u0131z)<\/p>\n<\/div>\n<div class=\"bg-gray-50 p-4 rounded border shadow-sm flex flex-col justify-center\">\n<p class=\"ml-2 font-semibold\">DenizBank<\/p>\n<p class=\"ml-2\">IBAN: TR80 0013 4000 0000 0556 6000 05<\/p>\n<p class=\"ml-2\">USD Hesap IBAN: TR63 0013 4000 0000 0556 6000 20<\/p>\n<p class=\"ml-2\">Swift Kodu: DENITRIS<\/p>\n<\/div>\n<\/div>\n<p><!-- Di\u011fer Bankalar Grid --><\/p>\n<div class=\"grid grid-cols-1 md:grid-cols-2 gap-6\">\n<div class=\"bg-gray-50 p-4 rounded border shadow-sm flex flex-col justify-center\">\n<p class=\"ml-2 font-semibold\">Vak\u0131fbank IBAN<\/p>\n<p class=\"ml-2\">TR62 0001 5001 5800 7319 4062 02<\/p>\n<\/div>\n<div class=\"bg-gray-50 p-4 rounded border shadow-sm flex flex-col justify-center\">\n<p class=\"ml-2 font-semibold\">T\u00fcrkiye \u0130\u015f Bankas\u0131<\/p>\n<p class=\"ml-2\">IBAN: TR18 0006 4000 0014 2980 1499 38<\/p>\n<\/div>\n<div class=\"bg-gray-50 p-4 rounded border shadow-sm flex flex-col justify-center\">\n<p class=\"ml-2 font-semibold\">Yap\u0131Kredi<\/p>\n<p class=\"ml-2\">IBAN: TR97 0006 7010 0000 0085 2607 70<\/p>\n<\/div>\n<div class=\"bg-gray-50 p-4 rounded border shadow-sm flex flex-col justify-center\">\n<p class=\"ml-2 font-semibold\">Ziraat Bankas\u0131<\/p>\n<p class=\"ml-2\">IBAN: TR46 0001 0007 4305 8910 0150 01<\/p>\n<\/div>\n<div class=\"bg-gray-50 p-4 rounded border shadow-sm flex flex-col justify-center\">\n<p class=\"ml-2 font-semibold\">Akbank<\/p>\n<p class=\"ml-2\">IBAN: TR32 0004 6003 0588 8000 1827 76<\/p>\n<\/div>\n<div class=\"bg-gray-50 p-4 rounded border shadow-sm flex flex-col justify-center\">\n<p class=\"ml-2 font-semibold\">HalkBank<\/p>\n<p class=\"ml-2\">IBAN: TR90 0001 2009 3850 0016 0001 07<\/p>\n<\/div>\n<div class=\"bg-gray-50 p-4 rounded border shadow-sm flex flex-col justify-center\">\n<p class=\"ml-2 font-semibold\">TEB<\/p>\n<p class=\"ml-2\">IBAN: TR96 0003 2000 0000 0016 0862 25<\/p>\n<\/div>\n<\/div>\n<\/div>\n","protected":false},"excerpt":{"rendered":"<p>Banka Hesap Bilgilerimiz Al\u0131c\u0131 Ad\u0131 Z\u0130H\u0130NSEL YETERS\u0130Z \u00c7OCUKLARI YET\u0130\u015eT\u0130RME VE KORUMA VAKFI (L\u00fctfen al\u0131c\u0131 ad\u0131n\u0131 yukar\u0131daki belirtildi\u011fi \u015fekilde a\u00e7\u0131k olarak yaz\u0131n\u0131z) DenizBank IBAN: TR80 0013&#8230;<\/p>\n","protected":false},"author":1,"featured_media":0,"parent":0,"menu_order":0,"comment_status":"closed","ping_status":"closed","template":"","meta":{"footnotes":""},"class_list":["post-8380","page","type-page","status-publish","hentry"],"_links":{"self":[{"href":"https:\/\/obizizdns.com\/zicev\/wp\/wp-json\/wp\/v2\/pages\/8380","targetHints":{"allow":["GET"]}}],"collection":[{"href":"https:\/\/obizizdns.com\/zicev\/wp\/wp-json\/wp\/v2\/pages"}],"about":[{"href":"https:\/\/obizizdns.com\/zicev\/wp\/wp-json\/wp\/v2\/types\/page"}],"author":[{"embeddable":true,"href":"https:\/\/obizizdns.com\/zicev\/wp\/wp-json\/wp\/v2\/users\/1"}],"replies":[{"embeddable":true,"href":"https:\/\/obizizdns.com\/zicev\/wp\/wp-json\/wp\/v2\/comments?post=8380"}],"version-history":[{"count":13,"href":"https:\/\/obizizdns.com\/zicev\/wp\/wp-json\/wp\/v2\/pages\/8380\/revisions"}],"predecessor-version":[{"id":8393,"href":"https:\/\/obizizdns.com\/zicev\/wp\/wp-json\/wp\/v2\/pages\/8380\/revisions\/8393"}],"wp:attachment":[{"href":"https:\/\/obizizdns.com\/zicev\/wp\/wp-json\/wp\/v2\/media?parent=8380"}],"curies":[{"name":"wp","href":"https:\/\/api.w.org\/{rel}","templated":true}]}}